{"id":1066,"date":"2024-06-10T12:48:43","date_gmt":"2024-06-10T10:48:43","guid":{"rendered":"https:\/\/studiwahlen.uni-kiel.de\/?page_id=1066"},"modified":"2024-06-10T12:50:57","modified_gmt":"2024-06-10T10:50:57","slug":"unabhaengige-hochschulgruppe-fuer-digitalisierung-und-pragmatismus","status":"publish","type":"page","link":"https:\/\/studiwahlen.uni-kiel.de\/de\/archiv\/wahl-2024\/antretende-hsgs-fuer-das-stupa-2024\/unabhaengige-hochschulgruppe-fuer-digitalisierung-und-pragmatismus\/","title":{"rendered":"Unabh\u00e4ngige Hochschulgruppe f\u00fcr Digitalisierung und Pragmatismus"},"content":{"rendered":"<p>Hallo allerseits,<br \/>\nwir sind die unabh\u00e4ngige Hochschulgruppe f\u00fcr Digitalisierung und Pragmatismus, kurz <a href=\"https:\/\/de.wikipedia.org\/wiki\/User_Datagram_Protocol\" target=\"_blank\" rel=\"noopener noreferrer\">UDP<\/a>. Unsere Gruppe ist aus der Fachschaftsarbeit entstanden und steht keiner Partei nahe. Wir wollen pragmatische, fortschrittliche Hochschulpolitik machen, damit die Uni zu einem sch\u00f6neren Ort f\u00fcr alle wird.<\/p>\n<p>Wir hoffen, dass unser Programm euch eure wichtigsten Fragen \u00fcber uns beantworten kann. Falls nicht, z\u00f6gert nicht, <a href=\"https:\/\/www.udp-kiel.de\/de#contact\" target=\"_blank\" rel=\"noopener noreferrer\">uns zu kontaktieren<\/a>.<\/p>\n<p class=\"v1v1v1align-right v1v1v1svelte-1sq8w65\"><em>Eure Menschen von UDP<\/em><\/p>\n<p>&nbsp;<\/p>\n<div class=\"v1v1v1pre\">\n<p class=\"v1v1v1align-right v1v1v1svelte-1sq8w65\"><a href=\"https:\/\/www.udp-kiel.de\/de\/programm\" target=\"_blank\" rel=\"noopener noreferrer\">Unser Programm findet ihr hier<\/a><\/p>\n<p class=\"v1v1v1align-right v1v1v1svelte-1sq8w65\"><a href=\"https:\/\/www.udp-kiel.de\/en\/manifesto\/Some%20ideas.pdf\" target=\"_blank\" rel=\"noopener noreferrer\">Our list of ideas is also available in English!<\/a><\/p>\n<p class=\"v1v1v1align-right v1v1v1svelte-1sq8w65\">Alle Infos gibt es auch auf unserer Webseite: <a href=\"https:\/\/www.udp-kiel.de\/\" target=\"_blank\" rel=\"noopener noreferrer\">udp-kiel.de<\/a><\/p>\n<p class=\"v1v1v1align-right v1v1v1svelte-1sq8w65\">\n<p class=\"v1v1v1align-right v1v1v1svelte-1sq8w65\">Hier ein paar Kernforderungen aus unserem Programm:<\/p>\n<ul>\n<li><a href=\"https:\/\/www.udp-kiel.de\/de\/programm#campus-schoener\" target=\"_blank\" rel=\"noopener noreferrer\">Campus versch\u00f6nern (Schaukeln aufstellen!)<\/a><\/li>\n<li><a href=\"https:\/\/www.udp-kiel.de\/de\/programm#achtzehn\" target=\"_blank\" rel=\"noopener noreferrer\">Keine Klausur nach 18 Uhr!<\/a><\/li>\n<li><a href=\"https:\/\/www.udp-kiel.de\/de\/programm#email-aufkommen\" target=\"_blank\" rel=\"noopener noreferrer\">Weniger oft Mails \u00fcber den stu-info-Verteiler<\/a><\/li>\n<li><a href=\"https:\/\/www.udp-kiel.de\/de\/programm#geld-lehre\" target=\"_blank\" rel=\"noopener noreferrer\">Mehr Geld f\u00fcr die Lehre<\/a><\/li>\n<li><a href=\"https:\/\/www.udp-kiel.de\/de\/programm#leistungsdruck\" target=\"_blank\" rel=\"noopener noreferrer\">Weniger Leistungsdruck im Studium<\/a><\/li>\n<li><a href=\"https:\/\/www.udp-kiel.de\/de\/programm#sh-teller\" target=\"_blank\" rel=\"noopener noreferrer\">Der SH-Teller bleibt!<\/a><\/li>\n<li><a href=\"https:\/\/www.udp-kiel.de\/de\/programm#ec-auflader\" target=\"_blank\" rel=\"noopener noreferrer\">Mehr EC-Aufladestellen f\u00fcr die CAU-Card<\/a><\/li>\n<li><a href=\"https:\/\/www.udp-kiel.de\/de\/programm#barrierefreiheit\" target=\"_blank\" rel=\"noopener noreferrer\">F\u00fcr Barrierefreiheit<\/a>, <a href=\"https:\/\/www.udp-kiel.de\/de\/programm#antidiskriminierung\" target=\"_blank\" rel=\"noopener noreferrer\">gegen Diskriminierung<\/a><\/li>\n<li><a href=\"https:\/\/www.udp-kiel.de\/de\/programm#transparenz\" target=\"_blank\" rel=\"noopener noreferrer\">Mehr Transparenz bei Entscheidungen der Uni<\/a><\/li>\n<\/ul>\n<\/div>\n","protected":false},"excerpt":{"rendered":"<p>Hallo allerseits, wir sind die unabh\u00e4ngige Hochschulgruppe f\u00fcr Digitalisierung und Pragmatismus, kurz UDP. Unsere Gruppe ist aus der Fachschaftsarbeit entstanden und steht keiner Partei nahe. Wir wollen pragmatische, fortschrittliche Hochschulpolitik machen, damit die Uni zu einem sch\u00f6neren Ort f\u00fcr alle wird. Wir hoffen, dass unser Programm euch eure wichtigsten Fragen \u00fcber uns beantworten kann. Falls [&hellip;]<\/p>\n","protected":false},"author":8,"featured_media":0,"parent":694,"menu_order":0,"comment_status":"closed","ping_status":"closed","template":"","meta":{"footnotes":""},"class_list":["post-1066","page","type-page","status-publish","czr-hentry"],"jetpack_sharing_enabled":true,"_links":{"self":[{"href":"https:\/\/studiwahlen.uni-kiel.de\/de\/wp-json\/wp\/v2\/pages\/1066","targetHints":{"allow":["GET"]}}],"collection":[{"href":"https:\/\/studiwahlen.uni-kiel.de\/de\/wp-json\/wp\/v2\/pages"}],"about":[{"href":"https:\/\/studiwahlen.uni-kiel.de\/de\/wp-json\/wp\/v2\/types\/page"}],"author":[{"embeddable":true,"href":"https:\/\/studiwahlen.uni-kiel.de\/de\/wp-json\/wp\/v2\/users\/8"}],"replies":[{"embeddable":true,"href":"https:\/\/studiwahlen.uni-kiel.de\/de\/wp-json\/wp\/v2\/comments?post=1066"}],"version-history":[{"count":2,"href":"https:\/\/studiwahlen.uni-kiel.de\/de\/wp-json\/wp\/v2\/pages\/1066\/revisions"}],"predecessor-version":[{"id":1069,"href":"https:\/\/studiwahlen.uni-kiel.de\/de\/wp-json\/wp\/v2\/pages\/1066\/revisions\/1069"}],"up":[{"embeddable":true,"href":"https:\/\/studiwahlen.uni-kiel.de\/de\/wp-json\/wp\/v2\/pages\/694"}],"wp:attachment":[{"href":"https:\/\/studiwahlen.uni-kiel.de\/de\/wp-json\/wp\/v2\/media?parent=1066"}],"curies":[{"name":"wp","href":"https:\/\/api.w.org\/{rel}","templated":true}]}}