{"id":1164,"date":"2024-12-02T21:54:58","date_gmt":"2024-12-02T20:54:58","guid":{"rendered":"https:\/\/studiwahlen.uni-kiel.de\/?page_id=1164"},"modified":"2024-12-02T21:55:13","modified_gmt":"2024-12-02T20:55:13","slug":"mitteilungen-zur-wahl-2023","status":"publish","type":"page","link":"https:\/\/studiwahlen.uni-kiel.de\/de\/archiv\/wahl-2023\/mitteilungen-zur-wahl-2023\/","title":{"rendered":"Mitteilungen zur Wahl 2023"},"content":{"rendered":"<p><em>Die Informationen auf dieser Seite waren urspr\u00fcnglich auf der Hauptseite zu finden<\/em><\/p>\n<h2>Einladung zur konstituierenden Sitzung des 81. Studierendenparlaments<\/h2>\n<p>Hiermit l\u00e4d der Wahlleiter der Stuiwahlen 2023 zur konstituierenden Sitzung am Montag 03.07.23 um 18:30 Uhr in hybrider Form in Raum LMS 8. R.EG.017 ein. <a href=\"https:\/\/studiwahlen.uni-kiel.de\/wp-content\/uploads\/2023\/06\/00_Einladung-konstituierende-Sitzung.pdf\">Die Einladung befindet sich hier.<\/a><\/p>\n<p>Alle \u00f6ffentlichen Unterlagen finden sich in dieser <a href=\"https:\/\/studiwahlen.uni-kiel.de\/wp-content\/uploads\/2023\/06\/Archive.zip\">Datei.<\/a><\/p>\n<h3>Vorl\u00e4ufiges Endergebnis Stupa-Wahl 2023:<\/h3>\n<p>Der Wahlausschuss kam in seiner Sitzung vom 21.06.23 zu folgendem <a href=\"https:\/\/studiwahlen.uni-kiel.de\/wp-content\/uploads\/2023\/06\/Vorlaeufiges-Endergebnis-StupaWahl-2023.pdf\">vorl\u00e4ufigen Ergebnis<\/a> f\u00fcr die Stupa-Wahl. Das Ergbenis ist vorl\u00e4ufig und muss noch durch den Wahlausschuss best\u00e4tigt werden. Die genaue Verteilung der gew\u00e4hlten Mitglieder folgt in K\u00fcrze \u00fcber Downloads.<\/p>\n<p><img decoding=\"async\" src=\"https:\/\/studiwahlen.uni-kiel.de\/wp-content\/uploads\/2023\/06\/Screenshot-2023-06-21-175931.png\" \/><\/p>\n<h3><\/h3>\n<h2>Start der Studiwahlen:<\/h2>\n<h3>Die Studiwahlen haben begonnen!<\/h3>\n<p>Sehr geehrte Studierende der CAU,<\/p>\n<p>am heutigen\u00a0<strong>Donnerstag, dem 8. Juni 2023<\/strong><strong>,<\/strong>\u00a0beginnt um\u00a0<strong>12:00 Uhr<\/strong>\u00a0die Wahlfrist f\u00fcr\u00a0die Wahlen Ihrer Vertreterinnen und Vertreter zu den\u00a0<strong>Konventen und zum Erweiterten Senat der CAU sowie zu den Fachschaften und zum Studierendenparlament<\/strong>. Der Stichtag\u00a0(= letzter Wahltag)\u00a0ist\u00a0<strong>Mittwoch, der 21. Juni 2023, 17:00 Uhr<\/strong>.\u00a0In\u00a0dieser Mail\u00a0finden\u00a0Sie\u00a0alle Informationen\u00a0\u00fcber\u00a0den Wahlvorgang, der wie bereits in den vergangenen Jahren\u00a0im Online-Verfahren erfolgt.<\/p>\n<p><u>Ablauf des Wahlvorgangs<\/u><\/p>\n<ul>\n<li>Eine Teilnahme an der Wahl ist ausschlie\u00dflich \u00fcber das Wahlportal m\u00f6glich. Eine nachtr\u00e4gliche Aush\u00e4ndigung von Briefwahlunterlagen kann nicht mehr erfolgen.<\/li>\n<li>Zugang zum Wahlportal erhalten Sie ab dem 8.6.2023, 12:00 Uhr, \u00fcber diesen Link: <strong><u><a href=\"https:\/\/www.uni-kiel.de\/gf-praesidium\/de\/wahlangelegenheiten\/gremienwahlen\/gremienwahlen-2023\/IT-Sicherheit\" data-saferedirecturl=\"https:\/\/www.google.com\/url?q=https:\/\/www.uni-kiel.de\/gf-praesidium\/de\/wahlangelegenheiten\/gremienwahlen\/gremienwahlen-2023\/IT-Sicherheit&amp;source=gmail&amp;ust=1686308943962000&amp;usg=AOvVaw0LsPo0Aa7hVq0_ySXgXlkj\">Webseite zu den Gremienwahlen<\/a><\/u><\/strong>.<\/li>\n<li>Mit dem Anklicken des Links best\u00e4tigen Sie, dass Sie die\u00a0<strong><u><a href=\"https:\/\/www.uni-kiel.de\/gf-praesidium\/de\/wahlangelegenheiten\/gremienwahlen\/gremienwahlen-2023\/Sicherheitshinweise_zur_Online-Wahl%20CAU%2023.pdf\" data-saferedirecturl=\"https:\/\/www.google.com\/url?q=https:\/\/www.uni-kiel.de\/gf-praesidium\/de\/wahlangelegenheiten\/gremienwahlen\/gremienwahlen-2023\/Sicherheitshinweise_zur_Online-Wahl%2520CAU%252023.pdf&amp;source=gmail&amp;ust=1686308943962000&amp;usg=AOvVaw0E05WCpg0qzzFjpGzIa4B2\">Sicherheitshinweise<\/a><\/u><\/strong>\u00a0zur Kenntnis genommen haben. Danach \u00f6ffnet sich ein Fenster, mithilfe dessen Sie sich mit Ihren gewohnten Zugangsdaten (stu&#8230;) als wahlberechtigt identifizieren.<\/li>\n<li>Nun werden Sie zum Wahlportal weitergeleitet.<\/li>\n<li>Es werden Ihnen ausschlie\u00dflich die Kandidierenden zu den Gremien angezeigt, f\u00fcr die Sie wahlberechtigt sind. Sie haben f\u00fcr jedes Gremium genau eine Stimme.<\/li>\n<li>Am Ende des \u201eStimmzettels\u201c klicken Sie auf einen Button, woraufhin die Plausibilit\u00e4t Ihrer Auswahl gepr\u00fcft wird. Sollten Sie versehentlich mehrere Stimmen f\u00fcr dasselbe Gremium abgegeben haben, werden Sie darauf hingewiesen und k\u00f6nnen Ihre Angaben korrigieren.<\/li>\n<li>Mit \u201eAbsenden\u201c endet Ihre Stimmabgabe. Eine R\u00fcckkehr oder ein erneutes Einloggen ist nicht m\u00f6glich.<\/li>\n<\/ul>\n<p>Alle Informationen zur Wahl von Studierendenparlament und Fachschaften sowie Vorstellungen der kandidierenden Gruppen finden Sie unter\u00a0<strong><u><a href=\"https:\/\/studiwahlen.uni-kiel.de\/de\/aktuelle-wahl\/\" data-saferedirecturl=\"https:\/\/www.google.com\/url?q=https:\/\/studiwahlen.uni-kiel.de\/de\/aktuelle-wahl\/&amp;source=gmail&amp;ust=1686308943962000&amp;usg=AOvVaw1LWCOkwCthvVzmqBmUOlUs\">https:\/\/studiwahlen.uni-kiel.de\/de\/aktuelle-wahl\/<\/a><\/u><\/strong>.\u00a0Informationen zur Wahl von Konventen und Senat sowie die Gremienwahlordnung der CAU sind\u00a0unter\u00a0<strong><u><a href=\"http:\/\/www.uni-kiel.de\/gremienwahlen\" data-saferedirecturl=\"https:\/\/www.google.com\/url?q=http:\/\/www.uni-kiel.de\/gremienwahlen&amp;source=gmail&amp;ust=1686308943962000&amp;usg=AOvVaw3UToavPvxYiwQSOkxDh7xa\">www.uni-kiel.de\/gremienwahlen<\/a><\/u><\/strong>, Informationen und Hintergr\u00fcnde zu Online-Wahlen\u00a0<strong><u><a href=\"https:\/\/www.uni-kiel.de\/gf-praesidium\/de\/wahlangelegenheiten\/gremienwahlen\/online-wahlen?set_language=de\" data-saferedirecturl=\"https:\/\/www.google.com\/url?q=https:\/\/www.uni-kiel.de\/gf-praesidium\/de\/wahlangelegenheiten\/gremienwahlen\/online-wahlen?set_language%3Dde&amp;source=gmail&amp;ust=1686308943962000&amp;usg=AOvVaw00vFccTSTZejnzTLAQ2WY0\">hier<\/a><\/u><\/strong>\u00a0hinterlegt.<\/p>\n<p>Mit freundlichen Gr\u00fc\u00dfen<br \/>\nIhr Team Gremienwahlen<\/p>\n<p>&nbsp;<\/p>\n<h3>Wahlzeitraum 08.06.23, 12:00 Uhr -21.06.23, 17:00 Uhr<\/h3>\n<p>Die diesj\u00e4hrige Studiwahl findet im Zeitraum vom 08.06.23-21.06.23 digital statt. Alle Unterlagen sind bereits an POLYAS, den Wahlanbieter \u00fcbermittelt.<\/p>\n<p>Kiel, den 16.05.23<\/p>\n<h3>Alle Wahllisten best\u00e4tigt.<\/h3>\n<p>Alle best\u00e4tigten Wahllisten wurden per Mail \u00fcber ihre Zulassung informiert.<\/p>\n<p>Kiel, den 05.05.23 und 11.05.23<\/p>\n<p>&nbsp;<\/p>\n<div class=\"sek-module-inner\">\n<h3>Erste Wahllisten best\u00e4tigt.<\/h3>\n<p>Ihr erhaltet in den n\u00e4chsten Tagen R\u00fcckmeldung zu euren eingereichten Wahllisten. Eine Korrektur kann noch bis zum 09.05.23 um 17 Uhr digital erfolgen. Endg\u00fcltig abgelehnte Wahllisten werden mit Begr\u00fcndung durch uns per E-Mail informiert. Bitte achtet darauf, dass wirklich alle Unterlagen vollst\u00e4ndig eingereicht werden. Unvollst\u00e4ndige Einreichungen k\u00f6nnen nicht ber\u00fccksichtigt werden.<\/p>\n<p>Kiel, den 03.05.23<\/p>\n<p>&nbsp;<\/p>\n<h3>Wahlstichtag der diesj\u00e4hrigen Gremienwahlen ist der 21.06.2023<\/h3>\n<p>F\u00fcr die Gremienwahlen 2023 wurde durch den Wahlausschuss in Abstimmung mit der gesamtuniversit\u00e4ren Wahlleitung der Wahlstichtag auf den 21.06.2023 festgelegt. Alle weiteren Informationen erhaltet ihr in K\u00fcrze durch den Wahlausschuss.<\/p>\n<p>Alle relevanten Termine findet ihr in der Wahlbekanntmachung oder in der Termin\u00fcbersicht unter <a href=\"http:\/\/studiwahlen.uni-kiel.de\/de\/aktuelle-wahl\/\">Aktuelle Wahl 2023<\/a>.<\/p>\n<p>Kiel, den 28.03.2023<\/p>\n<p>&nbsp;<\/p>\n<h3>N\u00e4chste Sitzung des Wahlausschusses ist am 31.05.2023 um 18:00 Uhr<\/h3>\n<p>Die n\u00e4chste Sitzung des Wahlausschuss findet am 31.05.23 um 18:00 Uhr digital statt. M\u00f6chtet ihr daran teilnehmen, meldet euch bitte unter wahl@studiwahlen.uni-kiel.de. Die Sitzung ist in Teilen \u00f6ffentlich.<\/p>\n<\/div>\n","protected":false},"excerpt":{"rendered":"<p>Die Informationen auf dieser Seite waren urspr\u00fcnglich auf der Hauptseite zu finden Einladung zur konstituierenden Sitzung des 81. Studierendenparlaments Hiermit l\u00e4d der Wahlleiter der Stuiwahlen 2023 zur konstituierenden Sitzung am Montag 03.07.23 um 18:30 Uhr in hybrider Form in Raum LMS 8. R.EG.017 ein. Die Einladung befindet sich hier. Alle \u00f6ffentlichen Unterlagen finden sich in [&hellip;]<\/p>\n","protected":false},"author":8,"featured_media":0,"parent":13,"menu_order":0,"comment_status":"closed","ping_status":"closed","template":"","meta":{"footnotes":""},"class_list":["post-1164","page","type-page","status-publish","czr-hentry"],"jetpack_sharing_enabled":true,"_links":{"self":[{"href":"https:\/\/studiwahlen.uni-kiel.de\/de\/wp-json\/wp\/v2\/pages\/1164","targetHints":{"allow":["GET"]}}],"collection":[{"href":"https:\/\/studiwahlen.uni-kiel.de\/de\/wp-json\/wp\/v2\/pages"}],"about":[{"href":"https:\/\/studiwahlen.uni-kiel.de\/de\/wp-json\/wp\/v2\/types\/page"}],"author":[{"embeddable":true,"href":"https:\/\/studiwahlen.uni-kiel.de\/de\/wp-json\/wp\/v2\/users\/8"}],"replies":[{"embeddable":true,"href":"https:\/\/studiwahlen.uni-kiel.de\/de\/wp-json\/wp\/v2\/comments?post=1164"}],"version-history":[{"count":1,"href":"https:\/\/studiwahlen.uni-kiel.de\/de\/wp-json\/wp\/v2\/pages\/1164\/revisions"}],"predecessor-version":[{"id":1165,"href":"https:\/\/studiwahlen.uni-kiel.de\/de\/wp-json\/wp\/v2\/pages\/1164\/revisions\/1165"}],"up":[{"embeddable":true,"href":"https:\/\/studiwahlen.uni-kiel.de\/de\/wp-json\/wp\/v2\/pages\/13"}],"wp:attachment":[{"href":"https:\/\/studiwahlen.uni-kiel.de\/de\/wp-json\/wp\/v2\/media?parent=1164"}],"curies":[{"name":"wp","href":"https:\/\/api.w.org\/{rel}","templated":true}]}}