{"id":1321,"date":"2025-05-14T15:25:21","date_gmt":"2025-05-14T13:25:21","guid":{"rendered":"https:\/\/studiwahlen.uni-kiel.de\/?page_id=1321"},"modified":"2025-05-14T15:25:21","modified_gmt":"2025-05-14T13:25:21","slug":"wahlprogramm-campus-gruene","status":"publish","type":"page","link":"https:\/\/studiwahlen.uni-kiel.de\/de\/wahl-2025\/antretende-gruppen-fuer-das-stupa-2025\/wahlprogramm-campus-gruene\/","title":{"rendered":"Wahlprogramm &#8222;Campus Gr\u00fcne&#8220;"},"content":{"rendered":"<h2 id=\"pr\u00e4ambel\"><strong>Pr\u00e4ambel<\/strong><\/h2>\n<p>Wir, die CampusGr\u00fcnen, setzen uns erfolgreich f\u00fcr eine nachhaltige, gerechte und vielf\u00e4ltige Universit\u00e4t ein \u2013 mit klaren Erfolgen: Gemeinsam mit dem AStA und anderen Initiativen konnten wir nachhaltige Projekte wie den Parking Day, die Mensarevolution den essbaren Campus oder das Green Office etablieren und die Diskussion \u00fcber studentischen Raum und Teilhabe ma\u00dfgeblich vorantreiben. Durch unsere Arbeit in Hochschulgremien, auf Demonstrationen und in direkten Gespr\u00e4chen mit der Politik haben wir uns stark gegen Verwaltungsgeb\u00fchren positioniert und konkrete Verbesserungen im Alltag vieler Studierender bewirkt.<\/p>\n<p>Unsere Vision bleibt dabei klar: Ein klimaneutraler Campus bis 2030 ist eine Verpflichtung. Daf\u00fcr fordern wir die konsequente Umsetzung eines universit\u00e4ren Nachhaltigkeitskonzepts, Investitionen in Solaranlagen, gr\u00fcne D\u00e4cher und eine faire Energiewende. Die Zukunft unserer Universit\u00e4t ist eine Gr\u00fcne!<\/p>\n<p>Wir k\u00e4mpfen f\u00fcr mehr Raum f\u00fcr alle: F\u00fcr selbstverwaltete studentische R\u00e4ume, mehr R\u00fcckzugsorte, ein Studierendenhaus und moderne Arbeitspl\u00e4tze unter freiem Himmel. Gemeinsam mit dem AStA unterst\u00fctzen wir Projekte, die genau das erm\u00f6glichen \u2013 denn studentisches Leben braucht Platz, Sichtbarkeit und Wertsch\u00e4tzung.<\/p>\n<p>Mobilit\u00e4t darf keine Frage des Geldbeutels sein: Wir setzen uns weiter f\u00fcr den Erhalt und die faire Ausgestaltung des Deutschlandsemestertickets ein, um allen Studierenden eine einfache, kosteng\u00fcnstige und klimafreundliche Mobilit\u00e4t zu garantieren.<\/p>\n<p>Zugleich sagen wir klar Nein zu Studiengeb\u00fchren durch die Hintert\u00fcr. Die geplante Verwaltungsgeb\u00fchr trifft eine ohnehin finanziell belastete Studierendenschaft. Wir fordern ihre vollst\u00e4ndige Abschaffung.<\/p>\n<p>Und: Die Interessen von \u00fcber 25.000 Studierenden m\u00fcssen endlich auch auf Pr\u00e4sidiumsebene Geh\u00f6r finden. Deshalb fordern wir einen studentischen Vizepr\u00e4sident*in \u2013 mit echten Rechten, echter Mitbestimmung und echter Gestaltungsmacht.<\/p>\n<p>Der Rest steht im <a href=\"https:\/\/studiwahlen.uni-kiel.de\/wp-content\/uploads\/2025\/05\/Wahlprogramm-CG.pdf\">Wahlprogramm<\/a>.<\/p>\n","protected":false},"excerpt":{"rendered":"<p>Pr\u00e4ambel Wir, die CampusGr\u00fcnen, setzen uns erfolgreich f\u00fcr eine nachhaltige, gerechte und vielf\u00e4ltige Universit\u00e4t ein \u2013 mit klaren Erfolgen: Gemeinsam mit dem AStA und anderen Initiativen konnten wir nachhaltige Projekte wie den Parking Day, die Mensarevolution den essbaren Campus oder das Green Office etablieren und die Diskussion \u00fcber studentischen Raum und Teilhabe ma\u00dfgeblich vorantreiben. Durch [&hellip;]<\/p>\n","protected":false},"author":8,"featured_media":0,"parent":1300,"menu_order":0,"comment_status":"closed","ping_status":"closed","template":"","meta":{"footnotes":""},"class_list":["post-1321","page","type-page","status-publish","czr-hentry"],"jetpack_sharing_enabled":true,"_links":{"self":[{"href":"https:\/\/studiwahlen.uni-kiel.de\/de\/wp-json\/wp\/v2\/pages\/1321","targetHints":{"allow":["GET"]}}],"collection":[{"href":"https:\/\/studiwahlen.uni-kiel.de\/de\/wp-json\/wp\/v2\/pages"}],"about":[{"href":"https:\/\/studiwahlen.uni-kiel.de\/de\/wp-json\/wp\/v2\/types\/page"}],"author":[{"embeddable":true,"href":"https:\/\/studiwahlen.uni-kiel.de\/de\/wp-json\/wp\/v2\/users\/8"}],"replies":[{"embeddable":true,"href":"https:\/\/studiwahlen.uni-kiel.de\/de\/wp-json\/wp\/v2\/comments?post=1321"}],"version-history":[{"count":2,"href":"https:\/\/studiwahlen.uni-kiel.de\/de\/wp-json\/wp\/v2\/pages\/1321\/revisions"}],"predecessor-version":[{"id":1324,"href":"https:\/\/studiwahlen.uni-kiel.de\/de\/wp-json\/wp\/v2\/pages\/1321\/revisions\/1324"}],"up":[{"embeddable":true,"href":"https:\/\/studiwahlen.uni-kiel.de\/de\/wp-json\/wp\/v2\/pages\/1300"}],"wp:attachment":[{"href":"https:\/\/studiwahlen.uni-kiel.de\/de\/wp-json\/wp\/v2\/media?parent=1321"}],"curies":[{"name":"wp","href":"https:\/\/api.w.org\/{rel}","templated":true}]}}