{"id":1372,"date":"2026-02-09T14:04:13","date_gmt":"2026-02-09T13:04:13","guid":{"rendered":"https:\/\/studiwahlen.uni-kiel.de\/?page_id=1372"},"modified":"2026-02-09T14:06:05","modified_gmt":"2026-02-09T13:06:05","slug":"mitteilungen-zur-wahl-2025","status":"publish","type":"page","link":"https:\/\/studiwahlen.uni-kiel.de\/de\/wahl-2025\/mitteilungen-zur-wahl-2025\/","title":{"rendered":"Mitteilungen zur Wahl 2025"},"content":{"rendered":"<p><!-- \n\n<div style=\"font-size: 150%; text-align: center;\">\n\n<p>Die Wahlen sind jetzt bis zum <time datetime=\"2025-06-18 17:00+0200\" style=\"font-weight: 700\">18. Juni 2025 um 17:00 Uhr<\/time> offen!<\/p>\n\n\n\n<div style=\"font-size: 85%; line-height: 1.25\">Der nachfolgende Link f\u00fchrt Sie zum Wahlportal. Mit dem Anklicken des Links best\u00e4tigen Sie, dass Sie die <a href=\"https:\/\/www.uni-kiel.de\/gf-praesidium\/de\/wahlangelegenheiten\/gremienwahlen\/gremienwahlen-2025\/hinweise-zur-it-sicherheit.pdf\">Sicherheitshinweise zur Online-Wahl.pdf<\/a> zur Kenntnis genommen haben.\nBitte achten Sie auf eine pr\u00e4zise Schreibweise Ihrer stu-Kennung (keine Gro\u00dfbuchstaben, keine Leerzeichen vor oder hinter der Kennung).\n<\/div>\n\n\n\n<div style=\"border: solid 4px #9b0a7d; padding: 1ex; margin: 1ex; font-weight: 700; line-height: 1.25; font-size: 100%;\">Ich habe die Sicherheitshinweise zur Kenntnis genommen. \n      <a href=\"https:\/\/urne.uni-kiel.de\/CAUwahl2025?accepted=1\">Weiterleitung zum Wahlportal<\/a><\/div>\n\n\n\n<p style=\"margin-top:0\">Informationen zu den antretenden Gruppen zum StuPa findet ihr in der \u00dcbersicht der <a href=\"https:\/\/studiwahlen.uni-kiel.de\/wahl-2025\/antretende-gruppen-fuer-das-stupa-2025\/\">Antretenden Gruppen f\u00fcr das StuPa 2025<\/a><\/p>\n\n<\/div>\n\n\n\n\n\n<hr>\n\n--><\/p>\n<h2>Informationen zur Wahl 2025<\/h2>\n<p>Als Wahlstichtag f\u00fcr die diesj\u00e4hrigen Wahlen wurde der <time datetime=\"2025-06-18 17:00+0200\">18. Juni 2025 um 17:00 Uhr (MESZ)<\/time> festgelegt. Weitere Informationen findet ihr in der <a href=\"https:\/\/studiwahlen.uni-kiel.de\/wp-content\/uploads\/2025\/03\/wahlbekanntmachung.pdf\" target=\"_blank\">Wahlbekanntmachung<\/a>.<\/p>\n<p>Nach Ende der Frist zur Listeneinreichung hat der Wahlausschuss \u00fcber die Zulassung der Wahlvorschl\u00e4ge entschieden. Die Listen, die f\u00fcr die Wahl zum Studierendenparlament zugelassen wurden, findet ihr in der Auflistung der <a href=\"https:\/\/studiwahlen.uni-kiel.de\/wahl-2025\/antretende-gruppen-fuer-das-stupa-2025\/\">Antretenden Gruppen f\u00fcr das StuPa 2025<\/a>. Die antretenden Personen, sowie die Listen f\u00fcr die \u00fcbrigen Gremien finden sich in den Aufstellungen der zugelassenen Listen, die unter <a href=\"https:\/\/studiwahlen.uni-kiel.de\/download\/\">Download<\/a> zu finden sind.<\/p>\n<p>Die Wahl ist abgeschlossen, das Ergebnis findet ihr bei den <a href=\"https:\/\/studiwahlen.uni-kiel.de\/de\/download\/#wahl-2025\">Downloads<\/a>. Das Ergebnis wurde durch den Wahlpr\u00fcfungsausschuss als endg\u00fcltiges Ergebnis festgestellt.<\/p>\n","protected":false},"excerpt":{"rendered":"<p>Informationen zur Wahl 2025 Als Wahlstichtag f\u00fcr die diesj\u00e4hrigen Wahlen wurde der 18. Juni 2025 um 17:00 Uhr (MESZ) festgelegt. Weitere Informationen findet ihr in der Wahlbekanntmachung. Nach Ende der Frist zur Listeneinreichung hat der Wahlausschuss \u00fcber die Zulassung der Wahlvorschl\u00e4ge entschieden. Die Listen, die f\u00fcr die Wahl zum Studierendenparlament zugelassen wurden, findet ihr in [&hellip;]<\/p>\n","protected":false},"author":8,"featured_media":0,"parent":1186,"menu_order":0,"comment_status":"closed","ping_status":"closed","template":"","meta":{"footnotes":""},"class_list":["post-1372","page","type-page","status-publish","czr-hentry"],"jetpack_sharing_enabled":true,"_links":{"self":[{"href":"https:\/\/studiwahlen.uni-kiel.de\/de\/wp-json\/wp\/v2\/pages\/1372","targetHints":{"allow":["GET"]}}],"collection":[{"href":"https:\/\/studiwahlen.uni-kiel.de\/de\/wp-json\/wp\/v2\/pages"}],"about":[{"href":"https:\/\/studiwahlen.uni-kiel.de\/de\/wp-json\/wp\/v2\/types\/page"}],"author":[{"embeddable":true,"href":"https:\/\/studiwahlen.uni-kiel.de\/de\/wp-json\/wp\/v2\/users\/8"}],"replies":[{"embeddable":true,"href":"https:\/\/studiwahlen.uni-kiel.de\/de\/wp-json\/wp\/v2\/comments?post=1372"}],"version-history":[{"count":1,"href":"https:\/\/studiwahlen.uni-kiel.de\/de\/wp-json\/wp\/v2\/pages\/1372\/revisions"}],"predecessor-version":[{"id":1373,"href":"https:\/\/studiwahlen.uni-kiel.de\/de\/wp-json\/wp\/v2\/pages\/1372\/revisions\/1373"}],"up":[{"embeddable":true,"href":"https:\/\/studiwahlen.uni-kiel.de\/de\/wp-json\/wp\/v2\/pages\/1186"}],"wp:attachment":[{"href":"https:\/\/studiwahlen.uni-kiel.de\/de\/wp-json\/wp\/v2\/media?parent=1372"}],"curies":[{"name":"wp","href":"https:\/\/api.w.org\/{rel}","templated":true}]}}