{"id":19,"date":"2018-11-09T14:16:46","date_gmt":"2018-11-09T13:16:46","guid":{"rendered":"http:\/\/studiwahlen.asta-kiel.de\/?page_id=19"},"modified":"2026-02-26T10:04:45","modified_gmt":"2026-02-26T09:04:45","slug":"download","status":"publish","type":"page","link":"https:\/\/studiwahlen.uni-kiel.de\/de\/download\/","title":{"rendered":"Download"},"content":{"rendered":"<h3>Wahlvorschlagslisten<\/h3>\n<h4>Deutsch<\/h4>\n<ul style=\"list-style-type: square;\">\n<li><a href=\"https:\/\/studiwahlen.uni-kiel.de\/wp-content\/uploads\/2025\/03\/Wahlvorschlag_FS.pdf\">Wahlvorschlag Fachschaftsvertretung 2025<\/a><\/li>\n<li><a href=\"https:\/\/studiwahlen.uni-kiel.de\/wp-content\/uploads\/2025\/03\/Wahlvorschlag_StuPa.pdf\">Wahlvorschlag StuPa 2025<\/a><\/li>\n<li><a href=\"https:\/\/studiwahlen.uni-kiel.de\/wp-content\/uploads\/2025\/03\/Wahlvorschlag_StuPa_lang.pdf\">Wahlvorschlag StuPa 2025 mit sehr viel mehr Listenpl\u00e4tzen<\/a><\/li>\n<li><a href=\"https:\/\/studiwahlen.uni-kiel.de\/wp-content\/uploads\/2025\/03\/Wahlvorschlag_int_stud_de.pdf\">Nominierungsvorschlag Referat f\u00fcr Internationales 2025<\/a><\/li>\n<li><a href=\"http:\/\/studiwahlen.asta-kiel.de\/wp-content\/uploads\/2021\/04\/Einreichungserklaerung-Wahllisten.pdf\">Einreichungserkl\u00e4rung 2025<\/a><\/li>\n<li><a href=\"https:\/\/studiwahlen.uni-kiel.de\/wp-content\/uploads\/2024\/04\/1x1.pdf\">1&#215;1 Wahlen (gilt auch f\u00fcr StuPa-Listen)<\/a><\/li>\n<p>Bitte beachtet auch die <a href=\"https:\/\/studiwahlen.uni-kiel.de\/wahl-2025\/hinweise-zur-listeneinreichung\/\">Hinweise zur Listeneinreichung<\/a>.\n<\/ul>\n<h4>Englisch<\/h4>\n<ul style=\"list-style-type: square;\">\n<li><a href=\"https:\/\/studiwahlen.uni-kiel.de\/wp-content\/uploads\/2025\/03\/Wahlvorschlag_FS_en.pdf\">Nomination Fachschaftsvertretung 2025<\/a><\/li>\n<li><a href=\"https:\/\/studiwahlen.uni-kiel.de\/wp-content\/uploads\/2025\/03\/Wahlvorschlag_StuPa_en.pdf\">Nomination StuPa 2025<\/a><\/li>\n<li><a href=\"https:\/\/studiwahlen.uni-kiel.de\/wp-content\/uploads\/2025\/03\/Wahlvorschlag_int_stud_en.pdf\">Nomination Department for international students 2025<\/a><\/li>\n<li><a href=\"http:\/\/studiwahlen.asta-kiel.de\/wp-content\/uploads\/2021\/04\/Einreichungserklaerung-Wahllisten.pdf\">Einreichungserkl\u00e4rung 2025<\/a><\/li>\n<\/ul>\n<h3 id=\"wahl-2025\">Wahl 2025 (Stichtag ist der 18. Juni 2025)<\/h3>\n<ul>\n<li><a href=\"https:\/\/studiwahlen.uni-kiel.de\/wp-content\/uploads\/2025\/06\/Protokoll-der-2.-ord.-Sitzung-des-Wahlpruefungsausschusses-vom-23.6.2025.pdf\">Protokoll der zweiten ordentlichen Sitzung des Wahlpr\u00fcfungsausschusses am 23. Juni 2025<\/a><\/li>\n<li><a href=\"https:\/\/studiwahlen.uni-kiel.de\/wp-content\/uploads\/2025\/06\/Protokoll_2025-06-18.pdf\">Protokoll der dritten ordentlichen Sitzung des Wahlausschusses am 18. Juni 2025<\/a><\/li>\n<li><a href=\"https:\/\/studiwahlen.uni-kiel.de\/wp-content\/uploads\/2025\/06\/Ergebnis-StuPa-mit-Rangfolge.pdf\">Ergebnis StuPa mit Rangfolge<\/a><\/li>\n<li><a href=\"https:\/\/studiwahlen.uni-kiel.de\/wp-content\/uploads\/2025\/06\/Ergebnis-StuPa-2025-mit-Briefwahl.pdf\">Ergebnis StuPa 2025 mit Briefwahl<\/a><\/li>\n<li><a href=\"https:\/\/studiwahlen.uni-kiel.de\/wp-content\/uploads\/2025\/06\/Ergebnis-FS-2025-mit-Gewaehlten-und-Briefwahl.pdf\">Ergebnis FS 2025 mit Gew\u00e4hlten und Briefwahl<\/a><\/li>\n<li><a href=\"https:\/\/studiwahlen.uni-kiel.de\/wp-content\/uploads\/2025\/06\/Vorlaeufiges_StuPa_Ergebnis.pdf\">Vorl\u00e4ufiges StuPa Ergebnis<\/a><\/li>\n<li><a href=\"https:\/\/studiwahlen.uni-kiel.de\/wp-content\/uploads\/2025\/05\/Gesamtliste_StuPa.pdf\">Aufstellung der zugelassenen Listen f\u00fcr die Wahl zum StuPa 2025<\/a><\/li>\n<li><a href=\"https:\/\/studiwahlen.uni-kiel.de\/wp-content\/uploads\/2025\/05\/Gesamtliste_FSen.pdf\">Aufstellung der zugelassenen Listen f\u00fcr die Wahl zu Fachschaften 2025<\/a><\/li>\n<li><a href=\"https:\/\/studiwahlen.uni-kiel.de\/wp-content\/uploads\/2025\/05\/Ergebnis_Umlaufbeschluss.pdf\">Ergebnis des Umlaufbeschlusses zur Liste &#8222;Fachschaft Deutsch und Medienwissenschaft&#8220;<\/a><\/li>\n<li><a href=\"https:\/\/studiwahlen.uni-kiel.de\/wp-content\/uploads\/2025\/05\/2025-05-06.pdf\">Protokoll der zweiten ordentlichen Sitzung des Wahlausschusses am 06. Mai 2025<\/a><\/li>\n<li><a href=\"https:\/\/studiwahlen.uni-kiel.de\/wp-content\/uploads\/2025\/05\/04a_Protokoll-konstituierende-Sitzung-Wahlpruefungsausschuss-2025-04-28.pdf\">Protokoll der konstituierenden Sitzung des Wahlpr\u00fcfungsausschuss am 28. April 2025<\/a><\/li>\n<li><a href=\"https:\/\/studiwahlen.uni-kiel.de\/wp-content\/uploads\/2025\/04\/Geschaeftsordnung.pdf\">Gesch\u00e4ftsordnung des Wahlausschusses des 82. Studierendenparlamentes<\/a><\/li>\n<li><a href=\"https:\/\/studiwahlen.uni-kiel.de\/wp-content\/uploads\/2025\/05\/2025-04-11.pdf\">Protokoll der ersten au\u00dferordentlichen Sitzung des Wahlausschusses am 11. April 2025<\/a><\/li>\n<li><a href=\"https:\/\/studiwahlen.uni-kiel.de\/wp-content\/uploads\/2025\/04\/2025-04-04.pdf\">Protokoll der ersten ordentlichen Sitzung des Wahlausschusses am 04. April 2025<\/a><\/li>\n<li><a href=\"https:\/\/studiwahlen.uni-kiel.de\/wp-content\/uploads\/2025\/03\/wahlbekanntmachung.pdf\">Wahlbekanntmachung 2025<\/a><\/li>\n<\/ul>\n<h3>Wiederholungswahl FS Skandinavistik \/ D\u00e4nisch Lehramt 2024 (Stichtag ist der 25.10.2024)<\/h3>\n<p><a href=\"https:\/\/studiwahlen.uni-kiel.de\/wp-content\/uploads\/2024\/08\/Wahlbekanntmachung-Wiederholungswahl-Skandinavistik.pdf\">Wahlbekanntmachung Wiederholungswahl Skandinavistik<\/a><\/p>\n<p><a href=\"https:\/\/studiwahlen.uni-kiel.de\/wp-content\/uploads\/2024\/10\/Protokoll_Abschlusssitzung_Wahlausschuss_281024_vollst.pdf\">Protokoll_Abschlu\u00dfsitzung_Wahlausschu\u00df_281024_vollst<\/a><\/p>\n<p><a href=\"https:\/\/studiwahlen.uni-kiel.de\/wp-content\/uploads\/2024\/10\/Wahlergebnis-Wiederholungswahl-FS-Skandinavistik-Daenisch-Lehramt-2024.pdf\">Wahlergebnis Wiederholungswahl FS Skandinavistik D\u00e4nisch Lehramt 2024<\/a><\/p>\n<p>&nbsp;<\/p>\n<h3>Wahl 2024 (Stichtag ist der 19.06.2024)<\/h3>\n<ul>\n<li><a href=\"https:\/\/studiwahlen.uni-kiel.de\/wp-content\/uploads\/2024\/06\/Protokoll_1.docx\">Protokoll der ersten Sitzung des Wahlausschusses vom 03.04.2024<\/a><\/li>\n<li><a href=\"https:\/\/studiwahlen.uni-kiel.de\/wp-content\/uploads\/2024\/06\/Protokoll_2.docx\">Protokoll der zweiten Sitzung des Wahlausschusses vom08.04.2024<\/a><\/li>\n<li><a href=\"https:\/\/studiwahlen.uni-kiel.de\/wp-content\/uploads\/2024\/06\/Protokoll_3.docx\">Protokoll der dritten Sitzung des Wahlausschusses vom 17.04.2024<\/a><\/li>\n<li><a href=\"https:\/\/studiwahlen.uni-kiel.de\/wp-content\/uploads\/2024\/06\/Protokoll_4.docx\">Protokoll der vierten Sitzung des Wahlausschusses vom 24.04.2024<\/a><\/li>\n<li><a href=\"https:\/\/studiwahlen.uni-kiel.de\/wp-content\/uploads\/2024\/07\/IMG_7500-scaled.jpeg\">Wahlbekanntmachung 2024<\/a><\/li>\n<li><a href=\"https:\/\/studiwahlen.uni-kiel.de\/wp-content\/uploads\/2024\/06\/Protokoll_5.docx\">Protokoll der f\u00fcnften Sitzung des Wahlausschusses vom 29.04.2024<\/a><\/li>\n<li><a href=\"https:\/\/studiwahlen.uni-kiel.de\/wp-content\/uploads\/2024\/06\/Protokoll_6.docx\">Protokoll der sechsten Sitzung des Wahlausschusses vom 03.05.2024<\/a><\/li>\n<li><a href=\"https:\/\/studiwahlen.uni-kiel.de\/wp-content\/uploads\/2024\/06\/Protokoll_7.docx\">Protokoll der siebten Sitzung des Wahlausschusses vom 17.05.2024<\/a><\/li>\n<li><a href=\"https:\/\/studiwahlen.uni-kiel.de\/wp-content\/uploads\/2024\/06\/Protokoll_8.docx\">Protokoll der achten Sitzung des Wahlausschusses vom 29.05.2024<\/a><\/li>\n<li><a href=\"https:\/\/studiwahlen.uni-kiel.de\/wp-content\/uploads\/2024\/06\/Protokoll_9.docx\">Protokoll der neunten Sitzung des Wahlausschusses vom 11.06.2024<\/a><\/li>\n<li><a href=\"https:\/\/studiwahlen.uni-kiel.de\/wp-content\/uploads\/2024\/06\/Protokoll_10.docx\">Protokoll der zehnten Sitzung des Wahlausschusses vom 19.06.2024<\/a><\/li>\n<li><a href=\"https:\/\/studiwahlen.uni-kiel.de\/wp-content\/uploads\/2024\/07\/vorlaeufiges-Wahlergebnis-2024-2024-07-01-14_48_53.pdf\">Detailergebnis StuPa und Fachschaftswahl 2024 (vorl\u00e4ufig)<\/a><\/li>\n<li><a href=\"https:\/\/studiwahlen.uni-kiel.de\/wp-content\/uploads\/2024\/07\/ProtokollWahlprufungsausschuss2024-06-26-2024-07-02-21_09_14.pdf\">Protokoll Wahlpr\u00fcfungsausschuss 26.06.2024<\/a><\/li>\n<li><a href=\"https:\/\/studiwahlen.uni-kiel.de\/wp-content\/uploads\/2024\/07\/ProtokollWahlprufungsausschuss2024-07-01-2024-07-02-21_08_54.pdf\">Protokoll Wahlpr\u00fcfungsausschuss 01.07.2024<\/a><\/li>\n<\/ul>\n<h3>Satzungen und Ordnungen<\/h3>\n<ul style=\"list-style-type: square;\">\n<li><a href=\"https:\/\/studiwahlen.uni-kiel.de\/wp-content\/uploads\/2026\/02\/Wahlordnung-der-Studierendenschaft-2025-11-17.pdf\">Wahlordnung der Studierendenschaft Stand 17.11.2025<\/a><\/li>\n<\/ul>\n","protected":false},"excerpt":{"rendered":"<p>Wahlvorschlagslisten Deutsch Wahlvorschlag Fachschaftsvertretung 2025 Wahlvorschlag StuPa 2025 Wahlvorschlag StuPa 2025 mit sehr viel mehr Listenpl\u00e4tzen Nominierungsvorschlag Referat f\u00fcr Internationales 2025 Einreichungserkl\u00e4rung 2025 1&#215;1 Wahlen (gilt auch f\u00fcr StuPa-Listen) Bitte beachtet auch die Hinweise zur Listeneinreichung. Englisch Nomination Fachschaftsvertretung 2025 Nomination StuPa 2025 Nomination Department for international students 2025 Einreichungserkl\u00e4rung 2025 Wahl 2025 (Stichtag ist [&hellip;]<\/p>\n","protected":false},"author":8,"featured_media":0,"parent":0,"menu_order":0,"comment_status":"closed","ping_status":"closed","template":"","meta":{"footnotes":""},"class_list":["post-19","page","type-page","status-publish","czr-hentry"],"jetpack_sharing_enabled":true,"_links":{"self":[{"href":"https:\/\/studiwahlen.uni-kiel.de\/de\/wp-json\/wp\/v2\/pages\/19","targetHints":{"allow":["GET"]}}],"collection":[{"href":"https:\/\/studiwahlen.uni-kiel.de\/de\/wp-json\/wp\/v2\/pages"}],"about":[{"href":"https:\/\/studiwahlen.uni-kiel.de\/de\/wp-json\/wp\/v2\/types\/page"}],"author":[{"embeddable":true,"href":"https:\/\/studiwahlen.uni-kiel.de\/de\/wp-json\/wp\/v2\/users\/8"}],"replies":[{"embeddable":true,"href":"https:\/\/studiwahlen.uni-kiel.de\/de\/wp-json\/wp\/v2\/comments?post=19"}],"version-history":[{"count":12,"href":"https:\/\/studiwahlen.uni-kiel.de\/de\/wp-json\/wp\/v2\/pages\/19\/revisions"}],"predecessor-version":[{"id":1379,"href":"https:\/\/studiwahlen.uni-kiel.de\/de\/wp-json\/wp\/v2\/pages\/19\/revisions\/1379"}],"wp:attachment":[{"href":"https:\/\/studiwahlen.uni-kiel.de\/de\/wp-json\/wp\/v2\/media?parent=19"}],"curies":[{"name":"wp","href":"https:\/\/api.w.org\/{rel}","templated":true}]}}