{"id":21,"date":"2018-11-09T14:16:52","date_gmt":"2018-11-09T13:16:52","guid":{"rendered":"http:\/\/studiwahlen.asta-kiel.de\/?page_id=21"},"modified":"2026-04-06T21:30:31","modified_gmt":"2026-04-06T19:30:31","slug":"home","status":"publish","type":"page","link":"https:\/\/studiwahlen.uni-kiel.de\/de\/","title":{"rendered":"Home"},"content":{"rendered":"<h1 style=\"text-align: center;\">Studiwahlen<\/h1>\n<p style=\"text-align: center;\"><strong>Herzlich Willkommen<\/strong> auf den Seiten des Wahlausschusses der Studierendenschaft der Christian-Albrechts-Universit\u00e4t zu Kiel. Wir freuen uns \u00fcber deinen Besuch und hoffen, dass du hier Antworten auf alle deine Fragen findest. Alle wichtigen Dokumente sowie die Einsicht der letzten StuPa-Wahl findet ihr unter Downloads.<\/p>\n<p style=\"text-align: center;\">Weitere Informationen und Aktuelles erhaltet ihr auch \u00fcber Instagram: <a href=\"https:\/\/www.instagram.com\/studiwahlcau\/\">https:\/\/www.instagram.com\/studiwahlcau\/<\/a><\/p>\n<h1> Wahlen 2026 <\/h1>\n<p>Das Pr\u00e4sidium des Studierendenparlaments hat als Stichtag f\u00fcr die diesj\u00e4hrigen Wahlen den 17.6.26 festgelegt. Alle weiteren Informationen erhaltet ihr in der <a href=\"https:\/\/studiwahlen.uni-kiel.de\/wp-content\/uploads\/2026\/04\/Wahlbekanntmachung-.pdf\">Wahlbekanntmachung<\/a>.<\/p>\n<h1>Menschen f\u00fcr die Wahlgremien gesucht!<\/h1>\n<p>Liebe Kommilitoninnen, liebe Kommilitonen,<\/p>\n<p>das Studierendenparlament (StuPa) sucht engagierte Studierende, die im <strong>Wahlausschuss<\/strong>\u00a0und als\u00a0<strong>Wahlleitung<\/strong>\u00a0dabei helfen die Studiwahlen im Sommersemester zu organisieren. Au\u00dferdem werden Mitglieder f\u00fcr den <strong>Wahlpr\u00fcfungsausschuss<\/strong>\u00a0gesucht. Hier ein paar ausf\u00fchrliche Informationen:<\/p>\n<p><u>Was sind die Studiwahlen?<\/u><\/p>\n<p>Jedes Jahr w\u00e4hlen alle Studierenden die Mitglieder des Studierendenparlaments sowie der Fachschaftsvertretungen. Diese vertreten die Interessen der Studierendenschaft und geben ihr eine Stimme.<\/p>\n<p><u>Was ist der Wahlausschuss?<\/u><\/p>\n<p>Der Wahlausschuss setzt sich aus 5 bis 9 Mitgliedern zusammen, welche die antretenden Listen sammelt und in enger Zusammenarbeit mit dem Wahlamt der Universit\u00e4t \u00fcber die Wahlen informiert und zum W\u00e4hlen aufruft.<\/p>\n<p>Hierzu ist der Wahlausschuss dazu angehalten, durch <strong>Wahlwerbung <\/strong>m\u00f6glichst viele Studierende zur Stimmabgabe zu motivieren. Wie genau das aussehen soll, ist euch frei \u00fcberlassen. In den letzten Jahren gab es z. B. Plakate und Flyer, Podiumsdiskussionen und Wahlvideos. F\u00fcr die Aktionen steht dem Ausschuss ein Budget zur Verf\u00fcgung.<\/p>\n<p><u>Wie viel Zeit muss man einplanen?<\/u><\/p>\n<p>Das ist schwer zu sagen, da es immer davon abh\u00e4ngt, in welchem Umfang ihr Wahlwerbung gestalten wollt. Die Vorbereitung der Wahlen beginnt im <strong>April<\/strong>. Der Wahlstichtag liegt in der Regel im <strong>Juni<\/strong>. Im letzten Jahr gaben die Mitglieder an, im April und Mai ca. 2-3 Stunden pro Woche t\u00e4tig gewesen zu sein und im Juni ca. 6 Stunden. Der Ausschuss organisiert seine Sitzungen selbst, d. h. er legt auch selbst fest, wie oft er sich trifft.<\/p>\n<p><u>Was bringt die Arbeit im Wahlausschuss?<\/u><\/p>\n<p><strong>Spa\u00df und Platz f\u00fcr eure kreativen Ideen!<\/strong> Ihr bekleidet ein wichtiges Ehrenamt f\u00fcr die studentische Selbstverwaltung. Nach erfolgreicher T\u00e4tigkeit kann euch eine Bescheinigung dar\u00fcber ausgestellt werden.<\/p>\n<p>Au\u00dferdem erhaltet ihr eine finanzielle <strong>Aufwandsentsch\u00e4digung <\/strong>in H\u00f6he von 165 \u20ac pro Monat. F\u00fcr einfache Ausschussmitglieder werden drei T\u00e4tigkeitsmonate veranschlagt, f\u00fcr die Wahlleitung f\u00fcnf.<\/p>\n<p><u>Was macht der Wahlpr\u00fcfungsausschuss?<\/u><\/p>\n<p>Der Ausschuss besteht aus 5 Mitgliedern. Er tritt i.d.R. einmal nach der Wahl zusammen (Mitte\/Ende Juni), um ihre Durchf\u00fchrung und Ergebnisse zu pr\u00fcfen. Auch pr\u00fcft er Einw\u00e4nde oder Klagen gegen die Wahl. Euch wird die M\u00f6glichkeit geboten, euer juristisches Wissen in der Praxis anzuwenden. Die T\u00e4tigkeit kann bescheinigt werden.<\/p>\n<p>Bitte beachtet: Eine Anrechnung der T\u00e4tigkeit als Verwaltungspraktikum ist leider <strong>nicht<\/strong>\u00a0mehr m\u00f6glich!<\/p>\n<p><u>Was muss man noch wissen?<\/u><\/p>\n<p>Wenn ihr in einem Wahlorgan t\u00e4tig seid, <strong>verliert ihr euer passives Wahlrecht<\/strong>. Das hei\u00dft, ihr d\u00fcrft im kommenden Sommersemester f\u00fcr kein Amt in einem Gremium der Studierendenschaft kandidieren.<\/p>\n<p>In eurem Handeln seid ihr an die Satzungen der Studierendenschaft gebunden, insbesondere an die Wahlordnung (<a class=\"v1moz-txt-link-freetext\" href=\"https:\/\/www.stupa.uni-kiel.de\/download\/wahlordnung-der-studierendenschaft-2020-01-28\/\" target=\"_blank\" rel=\"noopener noreferrer\">https:\/\/www.stupa.uni-kiel.de\/download\/wahlordnung-der-studierendenschaft-2020-01-28\/<\/a>).<\/p>\n<p><u>Wie kann man kandidieren?<\/u><\/p>\n<p>Das StuPa w\u00e4hlt die Mitglieder auf seiner n\u00e4chsten Sitzung am <strong>Montag, den<\/strong> <strong>23. Februar 2026 ab 18:00 Uhr<\/strong>. Die Sitzung findet in <strong>LMS 8 &#8211; R.EG.017<\/strong> statt. Ihr k\u00f6nnt spontan auf der Sitzung kandidieren. F\u00fcr eine bessere Planung bitte ich um eine kurze Bekanntgabe an uns unter <u><a class=\"v1moz-txt-link-freetext\" href=\"mailto:praesidium@stupa.uni-kiel.de\" rel=\"noreferrer\">praesidium@stupa.uni-kiel.de<\/a><\/u>.<\/p>\n<p>Es ist egal, ob ihr bereits an einer Wahl teilgenommen habt oder neu an der Uni seid. F\u00fcr die T\u00e4tigkeit ist <strong>keine Vorerfahrung n\u00f6tig<\/strong> (das gilt auch f\u00fcr die Wahlleitung). Zuverl\u00e4ssigkeit, Motivation und Verantwortungsbewusstsein sind dagegen unerl\u00e4sslich.<\/p>\n<p>Wir freuen uns auf eure Kandidaturen. Mit Fragen z\u00f6gert nicht, uns zu kontaktieren.<\/p>\n<p>Mit freundlichen Gr\u00fc\u00dfen<\/p>\n<p>Euer Pr\u00e4sidium<\/p>\n<h2>Wahlen f\u00fcr das StuPa und die Fachschaftsvertretungen<\/h2>\n<div class=\"sek-module-inner\">\n<p>Bei Fragen zur Wahl oder f\u00fcr die Einsichtnahme des Wahlberechtigtenverzeichnisses sind wir unter folgender E-Mail-Adresse erreichbar:<\/p>\n<p><a href=\"mailto:wahl@studiwahlen.uni-kiel.de\"><strong>wahl@studiwahlen.uni-kiel.de<\/strong><\/a><\/p>\n<\/div>\n","protected":false},"excerpt":{"rendered":"<p>Studiwahlen Herzlich Willkommen auf den Seiten des Wahlausschusses der Studierendenschaft der Christian-Albrechts-Universit\u00e4t zu Kiel. Wir freuen uns \u00fcber deinen Besuch und hoffen, dass du hier Antworten auf alle deine Fragen findest. Alle wichtigen Dokumente sowie die Einsicht der letzten StuPa-Wahl findet ihr unter Downloads. Weitere Informationen und Aktuelles erhaltet ihr auch \u00fcber Instagram: https:\/\/www.instagram.com\/studiwahlcau\/ Wahlen [&hellip;]<\/p>\n","protected":false},"author":8,"featured_media":0,"parent":0,"menu_order":0,"comment_status":"closed","ping_status":"closed","template":"","meta":{"footnotes":""},"class_list":["post-21","page","type-page","status-publish","czr-hentry"],"jetpack_sharing_enabled":true,"_links":{"self":[{"href":"https:\/\/studiwahlen.uni-kiel.de\/de\/wp-json\/wp\/v2\/pages\/21","targetHints":{"allow":["GET"]}}],"collection":[{"href":"https:\/\/studiwahlen.uni-kiel.de\/de\/wp-json\/wp\/v2\/pages"}],"about":[{"href":"https:\/\/studiwahlen.uni-kiel.de\/de\/wp-json\/wp\/v2\/types\/page"}],"author":[{"embeddable":true,"href":"https:\/\/studiwahlen.uni-kiel.de\/de\/wp-json\/wp\/v2\/users\/8"}],"replies":[{"embeddable":true,"href":"https:\/\/studiwahlen.uni-kiel.de\/de\/wp-json\/wp\/v2\/comments?post=21"}],"version-history":[{"count":11,"href":"https:\/\/studiwahlen.uni-kiel.de\/de\/wp-json\/wp\/v2\/pages\/21\/revisions"}],"predecessor-version":[{"id":1387,"href":"https:\/\/studiwahlen.uni-kiel.de\/de\/wp-json\/wp\/v2\/pages\/21\/revisions\/1387"}],"wp:attachment":[{"href":"https:\/\/studiwahlen.uni-kiel.de\/de\/wp-json\/wp\/v2\/media?parent=21"}],"curies":[{"name":"wp","href":"https:\/\/api.w.org\/{rel}","templated":true}]}}