{"id":25,"date":"2018-11-09T14:17:04","date_gmt":"2018-11-09T13:17:04","guid":{"rendered":"http:\/\/studiwahlen.asta-kiel.de\/?page_id=25"},"modified":"2025-04-28T10:22:37","modified_gmt":"2025-04-28T08:22:37","slug":"was-waehlen","status":"publish","type":"page","link":"https:\/\/studiwahlen.uni-kiel.de\/de\/was-waehlen\/","title":{"rendered":"Was w\u00e4hlen?"},"content":{"rendered":"<h1 style=\"text-align: center;\"><span style=\"font-family: tahoma,arial,helvetica,sans-serif;\">Was kann ich w\u00e4hlen?<\/span><\/h1>\n<div class=\"n j-text\">\n<h2><span style=\"font-family: tahoma,arial,helvetica,sans-serif;\"><strong>Studierendenparlament<\/strong><\/span><\/h2>\n<p><span style=\"font-family: tahoma,arial,helvetica,sans-serif;\">Das Studierendenparlament (StuPa) entscheidet laut Hochschulgesetz in grunds\u00e4tzlichen Angelegenheiten der Studierendenschaft. Zu diesen grunds\u00e4tzlichen Angelegenheiten geh\u00f6rt:<\/span><\/p>\n<ul>\n<li><span style=\"font-family: tahoma,arial,helvetica,sans-serif;\">die Verfassung von Stellungnahmen zu hochschul- und bildungspolitischen Themen<\/span><\/li>\n<li><span style=\"font-family: tahoma,arial,helvetica,sans-serif;\">die Wahl des AStA, der die laufenden Gesch\u00e4fte der Studierendenschaft f\u00fchrt<\/span><\/li>\n<li><span style=\"font-family: tahoma,arial,helvetica,sans-serif;\">die Entscheidung \u00fcber die Verwendung der Finanzmittel der Studierendenschaft<\/span><\/li>\n<li><span style=\"font-family: tahoma,arial,helvetica,sans-serif;\">die Verabschiedung des Haushaltplanes<\/span><\/li>\n<li><span style=\"font-family: tahoma,arial,helvetica,sans-serif;\">die Wahl der studentischen Mitglieder im Verwaltungsrat des Studentenwerks Schleswig-Holstein<\/span><\/li>\n<li><span style=\"font-family: tahoma,arial,helvetica,sans-serif;\">die Entscheidung \u00fcber Finanzantr\u00e4ge und gr\u00f6\u00dfere Einzelausgaben<\/span><\/li>\n<li><span style=\"font-family: tahoma,arial,helvetica,sans-serif;\">die Beschlussfassung und \u00c4nderung von Satzungen und Ordnungen der Studierendenschaft<\/span><\/li>\n<li><span style=\"font-family: tahoma,arial,helvetica,sans-serif;\">die Einrichtung und \u00c4nderung von Fachschaften<\/span><\/li>\n<li><span style=\"font-family: tahoma,arial,helvetica,sans-serif;\">die Einberufung von Vollversammlungen<\/span><\/li>\n<li><span style=\"font-family: tahoma,arial,helvetica,sans-serif;\">die Wahl von StuPa-Beauftragten<\/span><\/li>\n<\/ul>\n<p><span style=\"font-family: tahoma,arial,helvetica,sans-serif;\">WICHTIG: Du hast nur EINE Stimme, diese gilt f\u00fcr die kandidierende Person und zugleich f\u00fcr die entsprechend kandidierende Liste.<\/span><br \/>\n<span style=\"font-family: tahoma,arial,helvetica,sans-serif;\">Mehr Infos unter:\u00a0<a href=\"http:\/\/www.stupa.uni-kiel.de\/\" target=\"_blank\" rel=\"noopener\">www.stupa.uni-kiel.de<\/a><\/span><\/p>\n<h2><span style=\"font-family: tahoma,arial,helvetica,sans-serif;\">\u00a0<\/span><\/h2>\n<h2><span style=\"font-family: tahoma,arial,helvetica,sans-serif;\"><strong>Fachschaftsvertretung<\/strong><\/span><\/h2>\n<\/div>\n<div class=\"n j-text\">\n<p><span style=\"font-family: tahoma,arial,helvetica,sans-serif;\">Die Fachschaft ist der Zusammenschluss aller Studierenden eines Faches. Die Fachschaftsvertretung k\u00fcmmert sich um die Belange und Interessen dieser Fachstudierenden. <\/span><br \/>\n<span style=\"font-family: tahoma,arial,helvetica,sans-serif;\">WICHTIG: Du bist immer nur f\u00fcr EINE Fachschaft wahlberechtigt, i.d.R. im erstgenannten Fach auf deinen Studiunterlagen.<\/span><\/p>\n<p>Solltest du dein Wahlrecht hingegen f\u00fcr die Fachschaft eines deiner anderen F\u00e4cher wahrnehmen wollen, musst du dich zu Beginn des Wahlzeitraumes beim Wahlausschuss melden. Schreibe dazu eine Mail mit deinem Namen, deiner Matrikelnummer, deinen F\u00e4chern und der Fachschaft, f\u00fcr die du in der aktuellen Wahl das Wahlrecht aus\u00fcben willst, an <a href=\"mailto:wahl@studiwahlen.uni-kiel.de\">wahl@studiwahlen.uni-kiel.de<\/a>. WICHTIG: ein solcher Wechsel gilt immer nur f\u00fcr eine Wahl und muss im folgenden Jahr gegebenenfalls wiederholt werden.<\/p>\n<p><span style=\"font-family: tahoma,arial,helvetica,sans-serif;\">Mehr Infos unter:\u00a0<a href=\"http:\/\/www.fvk.uni-kiel.de\/\" target=\"_blank\" rel=\"noopener\">www.fvk.uni-kiel.de<\/a><\/span><\/p>\n<\/div>\n<div class=\"n j-text\">\n<p>&nbsp;<\/p>\n<h2><span style=\"font-family: tahoma,arial,helvetica,sans-serif;\"><strong>Nominierung f\u00fcr das AStA-Referat f\u00fcr internationale Studierende<\/strong><\/span><\/h2>\n<p><span style=\"font-family: tahoma,arial,helvetica,sans-serif;\">Das Referat f\u00fcr internationale Studierende ist ein Informations- und Beratungszentrum f\u00fcr alle internationalen Studierenden der CAU.<\/span><\/p>\n<p><span style=\"font-family: tahoma,arial,helvetica,sans-serif;\">Das Referat ist verantwortlich f\u00fcr:<\/span><\/p>\n<ul>\n<li><span style=\"font-family: tahoma,arial,helvetica,sans-serif;\">Beratung internationaler Studierender<\/span><\/li>\n<li><span style=\"font-family: tahoma,arial,helvetica,sans-serif;\">Organisation und Durchf\u00fchrung von integrierten Veranstaltungen<\/span><\/li>\n<li><span style=\"font-family: tahoma,arial,helvetica,sans-serif;\">internationale Vernetzung<\/span><\/li>\n<li><span style=\"font-family: tahoma,arial,helvetica,sans-serif;\">Zusammenarbeit mit dem Studentenwerk Schleswig-Holstein<\/span><\/li>\n<li><span style=\"font-family: tahoma,arial,helvetica,sans-serif;\">Vertretung internationaler Sch\u00fclerinteressen in Universit\u00e4tsgremien.<\/span><\/li>\n<\/ul>\n<p><span style=\"font-family: tahoma,arial,helvetica,sans-serif;\">Um f\u00fcr das Referat f\u00fcr internationale Studierende gew\u00e4hlt zu werden, m\u00fcsst ihr zun\u00e4chst nominiert werden. Die Nominierung erfolgt zusammen mit der Wahl von StuPa und Fachschaften. F\u00fcr die Nominierung d\u00fcrfen nur internationale Sch\u00fcler nominiert werden und w\u00e4hlen.<\/span><\/p>\n<p><span style=\"font-family: tahoma,arial,helvetica,sans-serif;\">Wenn Du an einer Nominierung interessiert bist: Die Nominierungsliste findest du unter &#8222;Downloads&#8220;.<\/span><\/p>\n<\/div>\n","protected":false},"excerpt":{"rendered":"<p>Was kann ich w\u00e4hlen? Studierendenparlament Das Studierendenparlament (StuPa) entscheidet laut Hochschulgesetz in grunds\u00e4tzlichen Angelegenheiten der Studierendenschaft. Zu diesen grunds\u00e4tzlichen Angelegenheiten geh\u00f6rt: die Verfassung von Stellungnahmen zu hochschul- und bildungspolitischen Themen die Wahl des AStA, der die laufenden Gesch\u00e4fte der Studierendenschaft f\u00fchrt die Entscheidung \u00fcber die Verwendung der Finanzmittel der Studierendenschaft die Verabschiedung des Haushaltplanes die [&hellip;]<\/p>\n","protected":false},"author":8,"featured_media":0,"parent":0,"menu_order":0,"comment_status":"closed","ping_status":"closed","template":"","meta":{"footnotes":""},"class_list":["post-25","page","type-page","status-publish","czr-hentry"],"jetpack_sharing_enabled":true,"_links":{"self":[{"href":"https:\/\/studiwahlen.uni-kiel.de\/de\/wp-json\/wp\/v2\/pages\/25","targetHints":{"allow":["GET"]}}],"collection":[{"href":"https:\/\/studiwahlen.uni-kiel.de\/de\/wp-json\/wp\/v2\/pages"}],"about":[{"href":"https:\/\/studiwahlen.uni-kiel.de\/de\/wp-json\/wp\/v2\/types\/page"}],"author":[{"embeddable":true,"href":"https:\/\/studiwahlen.uni-kiel.de\/de\/wp-json\/wp\/v2\/users\/8"}],"replies":[{"embeddable":true,"href":"https:\/\/studiwahlen.uni-kiel.de\/de\/wp-json\/wp\/v2\/comments?post=25"}],"version-history":[{"count":8,"href":"https:\/\/studiwahlen.uni-kiel.de\/de\/wp-json\/wp\/v2\/pages\/25\/revisions"}],"predecessor-version":[{"id":1287,"href":"https:\/\/studiwahlen.uni-kiel.de\/de\/wp-json\/wp\/v2\/pages\/25\/revisions\/1287"}],"wp:attachment":[{"href":"https:\/\/studiwahlen.uni-kiel.de\/de\/wp-json\/wp\/v2\/media?parent=25"}],"curies":[{"name":"wp","href":"https:\/\/api.w.org\/{rel}","templated":true}]}}