{"id":694,"date":"2021-06-03T00:25:44","date_gmt":"2021-06-02T22:25:44","guid":{"rendered":"http:\/\/studiwahlen.asta-kiel.de\/?page_id=694"},"modified":"2025-01-24T12:19:18","modified_gmt":"2025-01-24T11:19:18","slug":"antretende-hsgs-fuer-das-stupa-2024","status":"publish","type":"page","link":"https:\/\/studiwahlen.uni-kiel.de\/de\/archiv\/wahl-2024\/antretende-hsgs-fuer-das-stupa-2024\/","title":{"rendered":"Antretende Gruppen f\u00fcr das StuPa 2024"},"content":{"rendered":"<p>Wahllisten zur Stupa-Wahl 2024<\/p>\n<p>Folgende Listen treten zur diesj\u00e4hrigen Stupawahl an:<\/p>\n<p>&nbsp;<\/p>\n<p><a href=\"https:\/\/studiwahlen.uni-kiel.de\/antretende-hsgs-fuer-das-stupa-2021\/campusgruene-hochschulgruppe\/\">CampusGr\u00fcne Hochschulgruppe<\/a><\/p>\n<p><a href=\"https:\/\/studiwahlen.uni-kiel.de\/antretende-hsgs-fuer-das-stupa-2021\/juso-hochschulgruppe-kiel\/\">Juso-Hochschulgruppe Kie<\/a>l<\/p>\n<p><a href=\"https:\/\/studiwahlen.uni-kiel.de\/antretende-hsgs-fuer-das-stupa-2021\/rcds-kiel-die-campus-union\/\">RCDS Kiel &#8211; Die Campus Union<\/a><\/p>\n<p><a href=\"https:\/\/studiwahlen.uni-kiel.de\/antretende-hsgs-fuer-das-stupa-2021\/lhg-liberale-hochschulgruppe\/\">LHG &#8211; Liberale Hochschulgruppe<\/a><\/p>\n<p><a href=\"https:\/\/studiwahlen.uni-kiel.de\/antretende-hsgs-fuer-das-stupa-2023\/hochschulgruppe-suedschleswig\/\">Hochschulgruppe S\u00fcdschleswig<\/a><\/p>\n<p><a href=\"https:\/\/studiwahlen.uni-kiel.de\/antretende-hsgs-fuer-das-stupa-2024\/unabhaengige-hochschulgruppe-fuer-digitalisierung-und-pragmatismus\/\">UDP &#8211; Unabh\u00e4ngige Hochschulgruppe f\u00fcr Digitalisierung und Pragmatismus<\/a><\/p>\n","protected":false},"excerpt":{"rendered":"<p>Wahllisten zur Stupa-Wahl 2024 Folgende Listen treten zur diesj\u00e4hrigen Stupawahl an: &nbsp; CampusGr\u00fcne Hochschulgruppe Juso-Hochschulgruppe Kiel RCDS Kiel &#8211; Die Campus Union LHG &#8211; Liberale Hochschulgruppe Hochschulgruppe S\u00fcdschleswig UDP &#8211; Unabh\u00e4ngige Hochschulgruppe f\u00fcr Digitalisierung und Pragmatismus<\/p>\n","protected":false},"author":8,"featured_media":0,"parent":1019,"menu_order":0,"comment_status":"closed","ping_status":"closed","template":"","meta":{"footnotes":""},"class_list":["post-694","page","type-page","status-publish","czr-hentry"],"jetpack_sharing_enabled":true,"_links":{"self":[{"href":"https:\/\/studiwahlen.uni-kiel.de\/de\/wp-json\/wp\/v2\/pages\/694","targetHints":{"allow":["GET"]}}],"collection":[{"href":"https:\/\/studiwahlen.uni-kiel.de\/de\/wp-json\/wp\/v2\/pages"}],"about":[{"href":"https:\/\/studiwahlen.uni-kiel.de\/de\/wp-json\/wp\/v2\/types\/page"}],"author":[{"embeddable":true,"href":"https:\/\/studiwahlen.uni-kiel.de\/de\/wp-json\/wp\/v2\/users\/8"}],"replies":[{"embeddable":true,"href":"https:\/\/studiwahlen.uni-kiel.de\/de\/wp-json\/wp\/v2\/comments?post=694"}],"version-history":[{"count":10,"href":"https:\/\/studiwahlen.uni-kiel.de\/de\/wp-json\/wp\/v2\/pages\/694\/revisions"}],"predecessor-version":[{"id":1068,"href":"https:\/\/studiwahlen.uni-kiel.de\/de\/wp-json\/wp\/v2\/pages\/694\/revisions\/1068"}],"up":[{"embeddable":true,"href":"https:\/\/studiwahlen.uni-kiel.de\/de\/wp-json\/wp\/v2\/pages\/1019"}],"wp:attachment":[{"href":"https:\/\/studiwahlen.uni-kiel.de\/de\/wp-json\/wp\/v2\/media?parent=694"}],"curies":[{"name":"wp","href":"https:\/\/api.w.org\/{rel}","templated":true}]}}