{"id":929,"date":"2023-05-31T17:29:37","date_gmt":"2023-05-31T15:29:37","guid":{"rendered":"https:\/\/studiwahlen.uni-kiel.de\/?page_id=929"},"modified":"2024-06-10T20:22:16","modified_gmt":"2024-06-10T18:22:16","slug":"juso-hochschulgruppe-kiel","status":"publish","type":"page","link":"https:\/\/studiwahlen.uni-kiel.de\/de\/archiv\/wahl-2024\/antretende-hsgs-fuer-das-stupa-2024\/juso-hochschulgruppe-kiel\/","title":{"rendered":"Juso-Hochschulgruppe Kiel"},"content":{"rendered":"<p><img loading=\"lazy\" decoding=\"async\" class=\"alignnone wp-image-964\" src=\"https:\/\/studiwahlen.uni-kiel.de\/wp-content\/uploads\/2023\/06\/Logo-Juso-HSG-300x300.jpeg\" alt=\"\" width=\"174\" height=\"174\" srcset=\"https:\/\/studiwahlen.uni-kiel.de\/wp-content\/uploads\/2023\/06\/Logo-Juso-HSG-300x300.jpeg 300w, https:\/\/studiwahlen.uni-kiel.de\/wp-content\/uploads\/2023\/06\/Logo-Juso-HSG-1024x1024.jpeg 1024w, https:\/\/studiwahlen.uni-kiel.de\/wp-content\/uploads\/2023\/06\/Logo-Juso-HSG-150x150.jpeg 150w, https:\/\/studiwahlen.uni-kiel.de\/wp-content\/uploads\/2023\/06\/Logo-Juso-HSG-768x768.jpeg 768w, https:\/\/studiwahlen.uni-kiel.de\/wp-content\/uploads\/2023\/06\/Logo-Juso-HSG-1536x1536.jpeg 1536w, https:\/\/studiwahlen.uni-kiel.de\/wp-content\/uploads\/2023\/06\/Logo-Juso-HSG-12x12.jpeg 12w, https:\/\/studiwahlen.uni-kiel.de\/wp-content\/uploads\/2023\/06\/Logo-Juso-HSG-510x510.jpeg 510w, https:\/\/studiwahlen.uni-kiel.de\/wp-content\/uploads\/2023\/06\/Logo-Juso-HSG.jpeg 1600w\" sizes=\"auto, (max-width: 174px) 100vw, 174px\" \/><\/p>\n<div class=\"v1pre\">\n<p>Moin,<\/p>\n<p>wir sind die\u00a0<strong>Juso-Hochschulgruppe Kiel<\/strong>\u00a0&#8211; sozialistisch, feministisch und internationalistisch und antirassistisch. Wir wollen mit eurer Stimme bei den Studi-Wahlen in Studierendenparlament und Senat f\u00fcr Freiheit, Gerechtigkeit und Solidarit\u00e4t an unserer Uni eintreten!<\/p>\n<p>&nbsp;<\/p>\n<p>Wir setzen uns deshalb f\u00fcr einen\u00a0<strong>Campus mit mehr Lern- und R\u00fcckzugsr\u00e4umen<\/strong>\u00a0ein, f\u00fcr\u00a0g\u00fcnstiges, gr\u00fcnes und\u00a0gesundes Mensaessen\u00a0sowie f\u00fcr mehr\u00a0studentischen Wohnraum. Linke Politik am Campus bedeutet f\u00fcr uns auch die Verbesserung der Arbeitsbedingungen f\u00fcr studentisch Besch\u00e4ftigte und das Erk\u00e4mpfen von Studienerleichterungen, wie die Wiedereinf\u00fchrung von Freiversuchen. Weiter setzen wir uns f\u00fcr den Ausbau der hybriden Lehrangebote ein, f\u00fcr Studierende in allen Lebenslagen!<\/p>\n<p>Beim<strong>\u00a0DE-Semesterticket\u00a0<\/strong>haben wir uns f\u00fcr eine Studierendenbefragung starkgemacht und treten auch in Zukunft f\u00fcr bezahlbare Mobilit\u00e4t mit einer solidarischen L\u00f6sung ein. Insbesondere k\u00e4mpfen wir f\u00fcr einen starken H\u00e4rtefallfonds.<\/p>\n<p>Unser vollst\u00e4ndiges Wahlprogramm mit unseren Forderungen zu Parit\u00e4t, geschlechtergerechter Sprache, einem \u00f6kologischen Campus mit Fahrradparkhaus, barrierefreier Infrastruktur und vielem mehr findet ihr hier<\/p>\n<\/div>\n<div class=\"v1pre\"><\/div>\n<div class=\"v1pre\"><a href=\"https:\/\/www.juso-hsg-kiel.de\/programm\/\" target=\"_blank\" rel=\"noopener noreferrer\">StuPa-Wahl 2024 \u203a Juso Hochschulgruppe Kiel (juso-hsg-kiel.de)<\/a><\/div>\n","protected":false},"excerpt":{"rendered":"<p>Moin, wir sind die\u00a0Juso-Hochschulgruppe Kiel\u00a0&#8211; sozialistisch, feministisch und internationalistisch und antirassistisch. Wir wollen mit eurer Stimme bei den Studi-Wahlen in Studierendenparlament und Senat f\u00fcr Freiheit, Gerechtigkeit und Solidarit\u00e4t an unserer Uni eintreten! &nbsp; Wir setzen uns deshalb f\u00fcr einen\u00a0Campus mit mehr Lern- und R\u00fcckzugsr\u00e4umen\u00a0ein, f\u00fcr\u00a0g\u00fcnstiges, gr\u00fcnes und\u00a0gesundes Mensaessen\u00a0sowie f\u00fcr mehr\u00a0studentischen Wohnraum. Linke Politik am Campus [&hellip;]<\/p>\n","protected":false},"author":8,"featured_media":0,"parent":694,"menu_order":0,"comment_status":"closed","ping_status":"closed","template":"","meta":{"footnotes":""},"class_list":["post-929","page","type-page","status-publish","czr-hentry"],"jetpack_sharing_enabled":true,"_links":{"self":[{"href":"https:\/\/studiwahlen.uni-kiel.de\/de\/wp-json\/wp\/v2\/pages\/929","targetHints":{"allow":["GET"]}}],"collection":[{"href":"https:\/\/studiwahlen.uni-kiel.de\/de\/wp-json\/wp\/v2\/pages"}],"about":[{"href":"https:\/\/studiwahlen.uni-kiel.de\/de\/wp-json\/wp\/v2\/types\/page"}],"author":[{"embeddable":true,"href":"https:\/\/studiwahlen.uni-kiel.de\/de\/wp-json\/wp\/v2\/users\/8"}],"replies":[{"embeddable":true,"href":"https:\/\/studiwahlen.uni-kiel.de\/de\/wp-json\/wp\/v2\/comments?post=929"}],"version-history":[{"count":7,"href":"https:\/\/studiwahlen.uni-kiel.de\/de\/wp-json\/wp\/v2\/pages\/929\/revisions"}],"predecessor-version":[{"id":1070,"href":"https:\/\/studiwahlen.uni-kiel.de\/de\/wp-json\/wp\/v2\/pages\/929\/revisions\/1070"}],"up":[{"embeddable":true,"href":"https:\/\/studiwahlen.uni-kiel.de\/de\/wp-json\/wp\/v2\/pages\/694"}],"wp:attachment":[{"href":"https:\/\/studiwahlen.uni-kiel.de\/de\/wp-json\/wp\/v2\/media?parent=929"}],"curies":[{"name":"wp","href":"https:\/\/api.w.org\/{rel}","templated":true}]}}