{"id":933,"date":"2023-05-31T17:32:03","date_gmt":"2023-05-31T15:32:03","guid":{"rendered":"https:\/\/studiwahlen.uni-kiel.de\/?page_id=933"},"modified":"2023-06-06T15:52:15","modified_gmt":"2023-06-06T13:52:15","slug":"rcds-kiel-die-campus-union","status":"publish","type":"page","link":"https:\/\/studiwahlen.uni-kiel.de\/de\/archiv\/wahl-2024\/antretende-hsgs-fuer-das-stupa-2024\/rcds-kiel-die-campus-union\/","title":{"rendered":"RCDS Kiel &#8211; Die Campus Union"},"content":{"rendered":"<p><a href=\"https:\/\/studiwahlen.uni-kiel.de\/wp-content\/uploads\/2023\/06\/StuPa-Wahl-Plakat-Gruppe-8-1.png\"><strong>Wer wir sind und was uns ausmacht<\/strong><\/a>:<\/p>\n<p>Wir, der Ring Christlich-Demokratischer Studenten (RCDS) Kiel, sind eine politische Hochschulgruppe und treten mit insgesamt 32 motivierten Kandidatinnen und Kandidaten bei den diesj\u00e4hrigen Wahlen zum Studierendenparlament und zum Senat der CAU zu Kiel an.<\/p>\n<p>Wir setzen uns ein f\u00fcr eine ideologiefreie Hochschulpolitik, die bestm\u00f6gliche Studienbedingungen, Wissenschaftsfreiheit sowie ein respektvolles Miteinander an unserer Uni und dar\u00fcber hinaus zum Ziel hat.<\/p>\n<p>Grunds\u00e4tzlich gilt f\u00fcr uns: Jeder Extremist ist Mist! Das hei\u00dft, dass wir klare Kante gegen Rechts- und Linksextremismus zeigen und keine Veranstaltungen mit Organisationen, die nicht eindeutig auf dem Boden der freiheitlich-demokratischen Grundordnung stehen, an der CAU unterst\u00fctzen!<\/p>\n<p>Im Gegensatz zu anderen politischen Hochschulgruppen sprechen wir uns klar f\u00fcr die Bestrebungen der CAU aus, Exzellenzuniversit\u00e4t zu werden. Das schafft bessere Studienbedingungen, Arbeitspl\u00e4tze und Zukunftschancen!<\/p>\n<p>Wenn Du Interesse an unserer Arbeit hast oder mehr \u00fcber uns wissen willst, melde Dich gerne bei uns auf Instagram oder bei kommenden Veranstaltungen.<\/p>\n<p>Wir freuen uns auf Dich!<br \/>\nVom 08. &#8211; 21. Juni 2023 laufen die Studiwahlen, bring mit Deiner Stimme die Uni auf Kurs und mach Dein Kreuz beim RCDS Kiel &#8211; Die Campus Union!<\/p>\n<p><strong><a href=\"https:\/\/studiwahlen.uni-kiel.de\/wp-content\/uploads\/2023\/06\/RCDS-Wahlprogramm-2023.pdf\">Hier geht es zu unserem Wahlprogramm!<\/a><\/strong><\/p>\n<p>&nbsp;<\/p>\n<p><img loading=\"lazy\" decoding=\"async\" class=\"alignnone wp-image-971\" src=\"https:\/\/studiwahlen.uni-kiel.de\/wp-content\/uploads\/2023\/06\/RCDS_SH_Farben_Gross-300x300.png\" alt=\"\" width=\"161\" height=\"161\" srcset=\"https:\/\/studiwahlen.uni-kiel.de\/wp-content\/uploads\/2023\/06\/RCDS_SH_Farben_Gross-300x300.png 300w, https:\/\/studiwahlen.uni-kiel.de\/wp-content\/uploads\/2023\/06\/RCDS_SH_Farben_Gross-1024x1024.png 1024w, https:\/\/studiwahlen.uni-kiel.de\/wp-content\/uploads\/2023\/06\/RCDS_SH_Farben_Gross-150x150.png 150w, https:\/\/studiwahlen.uni-kiel.de\/wp-content\/uploads\/2023\/06\/RCDS_SH_Farben_Gross-768x768.png 768w, https:\/\/studiwahlen.uni-kiel.de\/wp-content\/uploads\/2023\/06\/RCDS_SH_Farben_Gross-12x12.png 12w, https:\/\/studiwahlen.uni-kiel.de\/wp-content\/uploads\/2023\/06\/RCDS_SH_Farben_Gross-510x510.png 510w, https:\/\/studiwahlen.uni-kiel.de\/wp-content\/uploads\/2023\/06\/RCDS_SH_Farben_Gross.png 1200w\" sizes=\"auto, (max-width: 161px) 100vw, 161px\" \/><\/p>\n<p>RCDS Hochschulgruppe an der CAU zu Kiel<br \/>\nVertreten durch den Gruppenvorsitzenden Maximilian Hoffmeister<br \/>\nSophienblatt 46<br \/>\n24144 Kiel<br \/>\nmaximilian@hoffmeister.sh<\/p>\n<p>&nbsp;<\/p>\n<p><img loading=\"lazy\" decoding=\"async\" class=\"alignnone wp-image-970\" src=\"https:\/\/studiwahlen.uni-kiel.de\/wp-content\/uploads\/2023\/06\/StuPa-Wahl-Plakat-Gruppe-8-1-213x300.png\" alt=\"\" width=\"256\" height=\"361\" srcset=\"https:\/\/studiwahlen.uni-kiel.de\/wp-content\/uploads\/2023\/06\/StuPa-Wahl-Plakat-Gruppe-8-1-213x300.png 213w, https:\/\/studiwahlen.uni-kiel.de\/wp-content\/uploads\/2023\/06\/StuPa-Wahl-Plakat-Gruppe-8-1-728x1024.png 728w, https:\/\/studiwahlen.uni-kiel.de\/wp-content\/uploads\/2023\/06\/StuPa-Wahl-Plakat-Gruppe-8-1-768x1081.png 768w, https:\/\/studiwahlen.uni-kiel.de\/wp-content\/uploads\/2023\/06\/StuPa-Wahl-Plakat-Gruppe-8-1-1091x1536.png 1091w, https:\/\/studiwahlen.uni-kiel.de\/wp-content\/uploads\/2023\/06\/StuPa-Wahl-Plakat-Gruppe-8-1-1455x2048.png 1455w, https:\/\/studiwahlen.uni-kiel.de\/wp-content\/uploads\/2023\/06\/StuPa-Wahl-Plakat-Gruppe-8-1-9x12.png 9w\" sizes=\"auto, (max-width: 256px) 100vw, 256px\" \/><\/p>\n","protected":false},"excerpt":{"rendered":"<p>Wer wir sind und was uns ausmacht: Wir, der Ring Christlich-Demokratischer Studenten (RCDS) Kiel, sind eine politische Hochschulgruppe und treten mit insgesamt 32 motivierten Kandidatinnen und Kandidaten bei den diesj\u00e4hrigen Wahlen zum Studierendenparlament und zum Senat der CAU zu Kiel an. Wir setzen uns ein f\u00fcr eine ideologiefreie Hochschulpolitik, die bestm\u00f6gliche Studienbedingungen, Wissenschaftsfreiheit sowie ein [&hellip;]<\/p>\n","protected":false},"author":8,"featured_media":0,"parent":694,"menu_order":0,"comment_status":"closed","ping_status":"closed","template":"","meta":{"footnotes":""},"class_list":["post-933","page","type-page","status-publish","czr-hentry"],"jetpack_sharing_enabled":true,"_links":{"self":[{"href":"https:\/\/studiwahlen.uni-kiel.de\/de\/wp-json\/wp\/v2\/pages\/933","targetHints":{"allow":["GET"]}}],"collection":[{"href":"https:\/\/studiwahlen.uni-kiel.de\/de\/wp-json\/wp\/v2\/pages"}],"about":[{"href":"https:\/\/studiwahlen.uni-kiel.de\/de\/wp-json\/wp\/v2\/types\/page"}],"author":[{"embeddable":true,"href":"https:\/\/studiwahlen.uni-kiel.de\/de\/wp-json\/wp\/v2\/users\/8"}],"replies":[{"embeddable":true,"href":"https:\/\/studiwahlen.uni-kiel.de\/de\/wp-json\/wp\/v2\/comments?post=933"}],"version-history":[{"count":7,"href":"https:\/\/studiwahlen.uni-kiel.de\/de\/wp-json\/wp\/v2\/pages\/933\/revisions"}],"predecessor-version":[{"id":976,"href":"https:\/\/studiwahlen.uni-kiel.de\/de\/wp-json\/wp\/v2\/pages\/933\/revisions\/976"}],"up":[{"embeddable":true,"href":"https:\/\/studiwahlen.uni-kiel.de\/de\/wp-json\/wp\/v2\/pages\/694"}],"wp:attachment":[{"href":"https:\/\/studiwahlen.uni-kiel.de\/de\/wp-json\/wp\/v2\/media?parent=933"}],"curies":[{"name":"wp","href":"https:\/\/api.w.org\/{rel}","templated":true}]}}