{"id":1186,"date":"2025-01-24T12:56:47","date_gmt":"2025-01-24T11:56:47","guid":{"rendered":"https:\/\/studiwahlen.uni-kiel.de\/?page_id=1186"},"modified":"2025-05-13T20:49:25","modified_gmt":"2025-05-13T18:49:25","slug":"wahl-2025","status":"publish","type":"page","link":"https:\/\/studiwahlen.uni-kiel.de\/en\/wahl-2025\/","title":{"rendered":"Election 2025"},"content":{"rendered":"<h1>Wahlen zu den Gremien der Studierendenschaft im Jahr 2025<\/h1>\n<p>In diesem Jahr finden die Wahlen zum 83. Studierendenparlament der CAU und zu den Fachschaftsvertretungen statt. Der Wahlstichtag ist der <time datetime=\"2025-06-18 17:00+0200\">18. Juni 2025 um 17:00 Uhr (MESZ)<\/date>. Alle weiteren Fristen und weitere Informationen stehen in der <a href=\"https:\/\/studiwahlen.uni-kiel.de\/wp-content\/uploads\/2025\/03\/wahlbekanntmachung.pdf\">Election announcement<\/a>.<\/p>\n<p>Nach Ende der Frist zur Listeneinreichung hat der Wahlausschuss \u00fcber die Zulassung der Wahlvorschl\u00e4ge entschieden. Die Listen, die f\u00fcr die Wahl zum Studierendenparlament zugelassen wurden, findet ihr in der Auflistung der <a href=\"https:\/\/studiwahlen.uni-kiel.de\/en\/wahl-2025\/antretende-gruppen-fuer-das-stupa-2025\/\">Groups running for the StuPa 2025<\/a>. Die antretenden Personen, sowie die Listen f\u00fcr die \u00fcbrigen Gremien finden sich in den Aufstellungen der zugelassenen Listen, die unter <a href=\"https:\/\/studiwahlen.uni-kiel.de\/en\/download\/\">Download<\/a> zu finden sind. <\/p>\n<p>In diesem Jahr finden Wahlen statt:<\/p>\n<ul>\n<li>zum Studierendenparlament der CAU,<\/li>\n<li>zur Fachschaftsvertretung der Fachschaft Agrar- und Ern\u00e4hrungswissenschaften,<\/li>\n<li>zur Fachschaftsvertretung der Fachschaft Anglistik \/ Romanistik<\/li>\n<li>zur Fachschaftsvertretung der Fachschaft Biochemie,<\/li>\n<li>zur Fachschaftsvertretung der Fachschaft Biologie,<\/li>\n<li>zur Fachschaftsvertretung der Fachschaft Chemie,<\/li>\n<li>zur Fachschaftsvertretung der Fachschaft Deutsch \/ Medien,<\/li>\n<li>zur Fachschaftsvertretung der Fachschaft Linguistik und Phonetik,<\/li>\n<li>zur Fachschaftsvertretung der Fachschaft Empirische Kulturwissenschaft,<\/li>\n<li>zur Fachschaftsvertretung der Fachschaft Frisistik,<\/li>\n<li>zur Fachschaftsvertretung der Fachschaft Geographie,<\/li>\n<li>zur Fachschaftsvertretung der Fachschaft Geophysik,<\/li>\n<li>zur Fachschaftsvertretung der Fachschaft Geowissenschaften,<\/li>\n<li>zur Fachschaftsvertretung der Fachschaft Geschichte,<\/li>\n<li>zur Fachschaftsvertretung der Fachschaft Informatik,<\/li>\n<li>zur Fachschaftsvertretung der Fachschaft Ingenieurwissenschaften,<\/li>\n<li>zur Fachschaftsvertretung der Fachschaft Jura,<\/li>\n<li>zur Fachschaftsvertretung der Fachschaft Klassische Arch\u00e4ologie,<\/li>\n<li>zur Fachschaftsvertretung der Fachschaft Klassische Philologie,<\/li>\n<li>zur Fachschaftsvertretung der Fachschaft Kunst Lehramt,<\/li>\n<li>zur Fachschaftsvertretung der Fachschaft Kunstgeschichte,<\/li>\n<li>zur Fachschaftsvertretung der Fachschaft Mathematik,<\/li>\n<li>zur Fachschaftsvertretung der Fachschaft Medizin,<\/li>\n<li>zur Fachschaftsvertretung der Fachschaft Migration und Diversit\u00e4t,<\/li>\n<li>zur Fachschaftsvertretung der Fachschaft Musikwissenschaften,<\/li>\n<li>zur Fachschaftsvertretung der Fachschaft Skandinavistik \/ D\u00e4nisch Lehramt,<\/li>\n<li>zur Fachschaftsvertretung der Fachschaft Orientalistik (Islamwissenschaften),<\/li>\n<li>zur Fachschaftsvertretung der Fachschaft P\u00e4dagogik,<\/li>\n<li>zur Fachschaftsvertretung der Fachschaft Pharmazie,<\/li>\n<li>zur Fachschaftsvertretung der Fachschaft Philosophie,<\/li>\n<li>zur Fachschaftsvertretung der Fachschaft Physik,<\/li>\n<li>zur Fachschaftsvertretung der Fachschaft Physik des Erdsystems,<\/li>\n<li>zur Fachschaftsvertretung der Fachschaft Psychologie,<\/li>\n<li>zur Fachschaftsvertretung der Fachschaft School of Sustainability (EnviroSci),<\/li>\n<li><del>zur Fachschaftsvertretung der Fachschaft Slavistik,<\/del> (Hier sind keine Wahlvorschl\u00e4ge eingegangen)<\/li>\n<li>zur Fachschaftsvertretung der Fachschaft Soziologie \/ Politikwissenschaft,<\/li>\n<li>zur Fachschaftsvertretung der Fachschaft Sport,<\/li>\n<li>zur Fachschaftsvertretung der Fachschaft Theologie (Evangelisch),<\/li>\n<li>zur Fachschaftsvertretung der Fachschaft Ur- und Fr\u00fchgeschichte,<\/li>\n<li>zur Fachschaftsvertretung der Fachschaft Wirtschaft und Politik (Lehr\u00e4mtler),<\/li>\n<li>zur Fachschaftsvertretung der Fachschaft Wirtschaft- und Sozialwissenschaften, und<\/li>\n<li>zur Fachschaftsvertretung der Fachschaft Zahnmedizin.<\/li>\n<\/ul>\n<p>Zeitgleich wird das Nominierungsverfahren f\u00fcr das Amt des*der Referenten*in f\u00fcr ausl\u00e4ndische Studierende stattfinden.<\/p>\n<p>Au\u00dferdem finden die Wahlen der studentischen Vertreter*innen in den universit\u00e4ren Gremien statt. Hier\u00fcber informiert der <a href=\"https:\/\/www.uni-kiel.de\/gremienwahlen\">Gremienwahlausschuss<\/a>.<\/p>\n<h2 id=\"sect-nachfrist\">Verl\u00e4ngerung der Einreichungsfrist f\u00fcr einzelne Gremien<\/h2>\n<p>Bis zum 30. April sind f\u00fcr einige der diesj\u00e4hrigen Wahlen der Studierendenschaft Wahlvorschl\u00e4ge mit insgesamt weniger Bewerbenden als Mandate zu vergeben sind, beim Wahlausschuss eingegangen.<br \/>\nDaher verl\u00e4ngert sich dort die Frist zur <strong>Abgabe von weiteren Wahlvorschl\u00e4gen bis 6. Mai 2025, 12.00 Uhr<\/strong>. (Ausschlussfrist f\u00fcr die Einreichung beim Wahlausschuss)<\/p>\n<p>Diese Fristverl\u00e4ngerung betrifft:<\/p>\n<table>\n<colgroup>\n<col style=\"width: 64%\" \/>\n<col style=\"width: 18%\" \/>\n<col style=\"width: 18%\" \/>\n<\/colgroup>\n<thead>\n<tr class=\"header\">\n<th>Gremium<\/th>\n<th>Zu w\u00e4hlende Vertreter*innen<\/th>\n<th>Bisher eingereicht<\/th>\n<\/tr>\n<\/thead>\n<tbody>\n<tr class=\"odd\">\n<td>Fachschaftsvertretung Anglistik \/ Romanistik<\/td>\n<td>35<\/td>\n<td>19<\/td>\n<\/tr>\n<tr class=\"even\">\n<td>Fachschaftsvertretung Agrar- und Ern\u00e4hrungswissenschaften<\/td>\n<td>35<\/td>\n<td>8<\/td>\n<\/tr>\n<tr class=\"odd\">\n<td>Fachschaftsvertretung Biochemie<\/td>\n<td>35<\/td>\n<td>16<\/td>\n<\/tr>\n<tr class=\"even\">\n<td>Fachschaftsvertretung Biologie<\/td>\n<td>35<\/td>\n<td>26<\/td>\n<\/tr>\n<tr class=\"odd\">\n<td>Fachschaftsvertretung Chemie<\/td>\n<td>35<\/td>\n<td>8<\/td>\n<\/tr>\n<tr class=\"even\">\n<td>Fachschaftsvertretung Deutsch \/ Medien<\/td>\n<td>35<\/td>\n<td>23<\/td>\n<\/tr>\n<tr class=\"odd\">\n<td>Fachschaftsvertretung Empirische Kulturwissenschaft<\/td>\n<td>35<\/td>\n<td>5<\/td>\n<\/tr>\n<tr class=\"even\">\n<td>Fachschaftsvertretung Theologie (Evangelisch)<\/td>\n<td>35<\/td>\n<td>9<\/td>\n<\/tr>\n<tr class=\"odd\">\n<td>Fachschaftsvertretung Frisistik<\/td>\n<td>35<\/td>\n<td>4<\/td>\n<\/tr>\n<tr class=\"even\">\n<td>Fachschaftsvertretung Geophysik<\/td>\n<td>35<\/td>\n<td>8<\/td>\n<\/tr>\n<tr class=\"odd\">\n<td>Fachschaftsvertretung Geographie<\/td>\n<td>35<\/td>\n<td>14<\/td>\n<\/tr>\n<tr class=\"even\">\n<td>Fachschaftsvertretung Geowissenschaften<\/td>\n<td>35<\/td>\n<td>14<\/td>\n<\/tr>\n<tr class=\"odd\">\n<td>Fachschaftsvertretung Geschichte<\/td>\n<td>35<\/td>\n<td>13<\/td>\n<\/tr>\n<tr class=\"even\">\n<td>Fachschaftsvertretung Informatik<\/td>\n<td>35<\/td>\n<td>11<\/td>\n<\/tr>\n<tr class=\"odd\">\n<td>Fachschaftsvertretung Ingenieurwissenschaften<\/td>\n<td>35<\/td>\n<td>11<\/td>\n<\/tr>\n<tr class=\"even\">\n<td>Fachschaftsvertretung Klassische Arch\u00e4ologie<\/td>\n<td>35<\/td>\n<td>0<\/td>\n<\/tr>\n<tr class=\"odd\">\n<td>Fachschaftsvertretung Klassische Philologie<\/td>\n<td>35<\/td>\n<td>9<\/td>\n<\/tr>\n<tr class=\"even\">\n<td>Fachschaftsvertretung Kunst Lehramt<\/td>\n<td>35<\/td>\n<td>3<\/td>\n<\/tr>\n<tr class=\"odd\">\n<td>Fachschaftsvertretung Kunstgeschichte<\/td>\n<td>35<\/td>\n<td>5<\/td>\n<\/tr>\n<tr class=\"even\">\n<td>Fachschaftsvertretung Linguistik und Phonetik<\/td>\n<td>35<\/td>\n<td>7<\/td>\n<\/tr>\n<tr class=\"odd\">\n<td>Fachschaftsvertretung Mathematik<\/td>\n<td>35<\/td>\n<td>12<\/td>\n<\/tr>\n<tr class=\"even\">\n<td>Fachschaftsvertretung Medizin<\/td>\n<td>35<\/td>\n<td>34<\/td>\n<\/tr>\n<tr class=\"odd\">\n<td>Fachschaftsvertretung Migration und Diversit\u00e4t<\/td>\n<td>35<\/td>\n<td>4<\/td>\n<\/tr>\n<tr class=\"even\">\n<td>Fachschaftsvertretung Musikwissenschaften<\/td>\n<td>35<\/td>\n<td>3<\/td>\n<\/tr>\n<tr class=\"odd\">\n<td>Fachschaftsvertretung Skandinavistik \/ D\u00e4nisch Lehramt<\/td>\n<td>35<\/td>\n<td>6<\/td>\n<\/tr>\n<tr class=\"even\">\n<td>Fachschaftsvertretung Orientalistik (Islamwissenschaften)<\/td>\n<td>35<\/td>\n<td>6<\/td>\n<\/tr>\n<tr class=\"odd\">\n<td>Fachschaftsvertretung P\u00e4dagogik<\/td>\n<td>35<\/td>\n<td>4<\/td>\n<\/tr>\n<tr class=\"even\">\n<td>Fachschaftsvertretung Pharmazie<\/td>\n<td>35<\/td>\n<td>9<\/td>\n<\/tr>\n<tr class=\"odd\">\n<td>Fachschaftsvertretung Philosophie<\/td>\n<td>35<\/td>\n<td>17<\/td>\n<\/tr>\n<tr class=\"even\">\n<td>Fachschaftsvertretung Physik<\/td>\n<td>35<\/td>\n<td>8<\/td>\n<\/tr>\n<tr class=\"odd\">\n<td>Fachschaftsvertretung Physik des Erdsystems<\/td>\n<td>35<\/td>\n<td>24<\/td>\n<\/tr>\n<tr class=\"even\">\n<td>Fachschaftsvertretung Psychologie<\/td>\n<td>35<\/td>\n<td>16<\/td>\n<\/tr>\n<tr class=\"odd\">\n<td>Fachschaftsvertretung School of Sustainability (EnviroSci)<\/td>\n<td>35<\/td>\n<td>4<\/td>\n<\/tr>\n<tr class=\"even\">\n<td>Fachschaftsvertretung Slavistik<\/td>\n<td>35<\/td>\n<td>0<\/td>\n<\/tr>\n<tr class=\"odd\">\n<td>Fachschaftsvertretung Soziologie \/ Politikwissenschaft<\/td>\n<td>35<\/td>\n<td>8<\/td>\n<\/tr>\n<tr class=\"even\">\n<td>Fachschaftsvertretung Sport<\/td>\n<td>35<\/td>\n<td>24<\/td>\n<\/tr>\n<tr class=\"odd\">\n<td>Fachschaftsvertretung Ur- und Fr\u00fchgeschichte<\/td>\n<td>35<\/td>\n<td>12<\/td>\n<\/tr>\n<tr class=\"even\">\n<td>Fachschaftsvertretung Wirtschaft und Politik (Lehr\u00e4mtler)<\/td>\n<td>35<\/td>\n<td>20<\/td>\n<\/tr>\n<tr class=\"odd\">\n<td>Fachschaftsvertretung Wirtschaft- und Sozialwissenschaften<\/td>\n<td>35<\/td>\n<td>15<\/td>\n<\/tr>\n<tr class=\"even\">\n<td>Fachschaftsvertretung Zahnmedizin<\/td>\n<td>35<\/td>\n<td>12<\/td>\n<\/tr>\n<tr class=\"odd\">\n<td>Referent*in f\u00fcr Internationale Studierende des AStA<\/td>\n<td>1<\/td>\n<td>0<\/td>\n<\/tr>\n<\/tbody>\n<\/table>\n<p>Die vorl\u00e4ufige Gesamtliste mit den voraussichtlich zugelassenen Wahlvorschl\u00e4gen kann zwischen dem 2. Mai und dem 6. Mai im Wahlamt eingesehen werden.<\/p>","protected":false},"excerpt":{"rendered":"<p>Wahlen zu den Gremien der Studierendenschaft im Jahr 2025 In diesem Jahr finden die Wahlen zum 83. Studierendenparlament der CAU und zu den Fachschaftsvertretungen statt. Der Wahlstichtag ist der 18. Juni 2025 um 17:00 Uhr (MESZ). Alle weiteren Fristen und weitere Informationen stehen in der Wahlbekanntmachung. Nach Ende der Frist zur Listeneinreichung hat der Wahlausschuss [&hellip;]<\/p>\n","protected":false},"author":8,"featured_media":0,"parent":0,"menu_order":-1,"comment_status":"closed","ping_status":"closed","template":"","meta":{"footnotes":""},"class_list":["post-1186","page","type-page","status-publish","czr-hentry"],"jetpack_sharing_enabled":true,"_links":{"self":[{"href":"https:\/\/studiwahlen.uni-kiel.de\/en\/wp-json\/wp\/v2\/pages\/1186","targetHints":{"allow":["GET"]}}],"collection":[{"href":"https:\/\/studiwahlen.uni-kiel.de\/en\/wp-json\/wp\/v2\/pages"}],"about":[{"href":"https:\/\/studiwahlen.uni-kiel.de\/en\/wp-json\/wp\/v2\/types\/page"}],"author":[{"embeddable":true,"href":"https:\/\/studiwahlen.uni-kiel.de\/en\/wp-json\/wp\/v2\/users\/8"}],"replies":[{"embeddable":true,"href":"https:\/\/studiwahlen.uni-kiel.de\/en\/wp-json\/wp\/v2\/comments?post=1186"}],"version-history":[{"count":10,"href":"https:\/\/studiwahlen.uni-kiel.de\/en\/wp-json\/wp\/v2\/pages\/1186\/revisions"}],"predecessor-version":[{"id":1312,"href":"https:\/\/studiwahlen.uni-kiel.de\/en\/wp-json\/wp\/v2\/pages\/1186\/revisions\/1312"}],"wp:attachment":[{"href":"https:\/\/studiwahlen.uni-kiel.de\/en\/wp-json\/wp\/v2\/media?parent=1186"}],"curies":[{"name":"wp","href":"https:\/\/api.w.org\/{rel}","templated":true}]}}