{"id":1208,"date":"2025-01-25T17:12:55","date_gmt":"2025-01-25T16:12:55","guid":{"rendered":"https:\/\/studiwahlen.uni-kiel.de\/?page_id=1208"},"modified":"2025-04-19T09:38:12","modified_gmt":"2025-04-19T07:38:12","slug":"hinweise-zur-listeneinreichung","status":"publish","type":"page","link":"https:\/\/studiwahlen.uni-kiel.de\/en\/wahl-2025\/hinweise-zur-listeneinreichung\/","title":{"rendered":"Hinweise zur Listeneinreichung"},"content":{"rendered":"<p>Wie bei jeder Wahl sind auch bei den anstehenden Wahlen zu den studentischen Gremien alle passiv Wahlberechtigten aufgefordert, Wahlvorschl\u00e4ge einzureichen. Die Formulare dazu findet ihr unter <a href=\"https:\/\/studiwahlen.uni-kiel.de\/en\/download\/\">Download<\/a>.<\/p>\n<p>Beim Ausf\u00fcllen dieser Formulare und beim Einreichen der Unterlagen gibt es ein paar Dinge zu beachten. Diese sind bereits kurz in den Formularen selbst aufgef\u00fchrt, hier aber nochmal ausf\u00fchrlicher aufgef\u00fchrt.<\/p>\n<p>Die Deadline f\u00fcr die Listeneinreichung findet ihr in der Wahlbekanntmachung, die ihr unter <a href=\"https:\/\/studiwahlen.uni-kiel.de\/en\/wahl-2025\/\">Election 2025<\/a> findet. Bitte reicht, sofern es euch m\u00f6glich ist, die Listen nicht am letztm\u00f6glichen Tag ein, damit ihr eventuell vorhandene Fehler noch in Ruhe beheben k\u00f6nnt.<\/p>\n<h2 id=\"sect-einzureichende-unterlagen\">Einzureichende Unterlagen<\/h2>\n<p>Beim Wahlausschuss sind f\u00fcr jede Liste der eigentliche Wahlvorschlag (also die Liste an Kandidierenden), eine Einreichungserkl\u00e4rung der vorschlagenden Person, und Einverst\u00e4ndniserkl\u00e4rungen aller auf dem Wahlvorschlag stehenden Personen (ggf. auch der vorschlagenden Person) einzureichen. Die Liste muss von einer w\u00e4hlbaren Person eingereicht (vorgeschlagen) werden, diese muss aber nicht zwingend auch auf der Liste stehen. Mit der Einreichungserkl\u00e4rung erkl\u00e4rt die einreichende Person, dass sie diese Liste einreichen will. F\u00fcr den Wahlvorschlag und die Einreichungserkl\u00e4rung gibt es Formulare unter <a href=\"https:\/\/studiwahlen.uni-kiel.de\/en\/download\/\">Download<\/a>. Sollten die Formulare f\u00fcr euch nicht genug Pl\u00e4tze haben, schreibt bitte dem Wahlauschuss eine Mail.<\/p>\n<p>Die Einverst\u00e4ndniserkl\u00e4rungen der Kandidierenden k\u00f6nnen hingegen formlos per E-Mail abgegeben werden. Diese E-Mails m\u00fcssen lediglich den Listennamen, das Gremium, f\u00fcr welches die Liste eingereicht wird, und den Namen des Kandidierenden enthalten. Hierbei ist wichtig, dass diese von der studentischen E-Mail-Adresse an die vorschlagende Person gesendet werden, und dann gesammelt beim Wahlausschuss eingereicht werden. Diese Einverst\u00e4ndniserkl\u00e4rungs-E-Mails m\u00fcssen vollst\u00e4ndig und unver\u00e4ndert (inklusive aller Kopfzeilen) eingereicht werden, damit der Wahlausschuss die Echtheit pr\u00fcfen kann. Unten finden sich Anleitungen, wie diese Mails in den g\u00e4ngigen Mailprogrammen entsprechend gespeichert werden k\u00f6nnen.<\/p>\n<p>Die Mails k\u00f6nnten beispielsweise so aussehen:<\/p>\n<blockquote><p>Moin &lt;vorschlagende Person&gt;,<\/p>\n<p>ich bin mit der Kandidatur auf der Liste &#8222;&lt;Listenname&gt;&#8220; f\u00fcr die Fachschaftsvertretung Luft- und Raumfahrt einverstanden.<\/p>\n<p>Viele Gr\u00fc\u00dfe<br \/>\n&lt;vollst\u00e4ndiger Name der kandidierenden Person&gt;<\/p><\/blockquote>\n<h3 id=\"sect-roundcube\">Einverst\u00e4ndniserkl\u00e4rungen aus Roundcube (CAU-Webmail) speichern<\/h3>\n<p>Der <a href=\"https:\/\/webmail.mail.uni-kiel.de\/roundcube\/\">CAU-Webmailer<\/a> bietet mehrere komfortable M\u00f6glichkeiten, um E-Mails im Quelltext, also inklusive aller Kopfzeilen herunterzuladen. Soll nur eine einzelne Nachricht heruntergeladen werden, \u00f6ffnet man diese, und klickt dann in der oberen Toolbar auf &#8222;Mehr&#8220;, dann auf &#8222;Herunterladen&#8220;, und dann auf &#8222;Quelltext (.eml)&#8220;, wie auf den folgenden Bildern gezeigt wird.<\/p>\n<div id='gallery-1' class='czr-gallery row flex-row czr-gallery-style gallery galleryid-1208 gallery-columns-3 gallery-size-medium'><figure class='gallery-item col col-auto'>\r\n                        <div class='gallery-icon landscape czr-gallery-icon'>\r\n                              <a data-lb-type=\"grouped-gallery\" href=\"https:\/\/studiwahlen.uni-kiel.de\/wp-content\/uploads\/2025\/04\/Screenshot_E_Mail_Download_2.png\" class=\"bg-link\"><\/a><img loading=\"lazy\" decoding=\"async\" width=\"300\" height=\"192\" src=\"https:\/\/studiwahlen.uni-kiel.de\/wp-content\/uploads\/2025\/04\/Screenshot_E_Mail_Download_2-300x192.png\" class=\"attachment-medium size-medium no-lazy\" alt=\"\" sizes=\"auto, (min-width: 1200px) 350px, (min-width: 992px) 290px, (min-width: 768px) 210px, (min-width: 576px) 150px, calc( 50vw - 30px )\" srcset=\"https:\/\/studiwahlen.uni-kiel.de\/wp-content\/uploads\/2025\/04\/Screenshot_E_Mail_Download_2-300x192.png 300w, https:\/\/studiwahlen.uni-kiel.de\/wp-content\/uploads\/2025\/04\/Screenshot_E_Mail_Download_2-1024x657.png 1024w, https:\/\/studiwahlen.uni-kiel.de\/wp-content\/uploads\/2025\/04\/Screenshot_E_Mail_Download_2-768x493.png 768w, https:\/\/studiwahlen.uni-kiel.de\/wp-content\/uploads\/2025\/04\/Screenshot_E_Mail_Download_2-18x12.png 18w, https:\/\/studiwahlen.uni-kiel.de\/wp-content\/uploads\/2025\/04\/Screenshot_E_Mail_Download_2.png 1314w\" \/>\r\n                        <\/div><\/figure><figure class='gallery-item col col-auto'>\r\n                        <div class='gallery-icon landscape czr-gallery-icon'>\r\n                              <a data-lb-type=\"grouped-gallery\" href=\"https:\/\/studiwahlen.uni-kiel.de\/wp-content\/uploads\/2025\/04\/Screenshot_E_Mail_Download_0.png\" class=\"bg-link\"><\/a><img loading=\"lazy\" decoding=\"async\" width=\"300\" height=\"200\" src=\"https:\/\/studiwahlen.uni-kiel.de\/wp-content\/uploads\/2025\/04\/Screenshot_E_Mail_Download_0-300x200.png\" class=\"attachment-medium size-medium no-lazy\" alt=\"\" sizes=\"auto, (min-width: 1200px) 350px, (min-width: 992px) 290px, (min-width: 768px) 210px, (min-width: 576px) 150px, calc( 50vw - 30px )\" srcset=\"https:\/\/studiwahlen.uni-kiel.de\/wp-content\/uploads\/2025\/04\/Screenshot_E_Mail_Download_0-300x200.png 300w, https:\/\/studiwahlen.uni-kiel.de\/wp-content\/uploads\/2025\/04\/Screenshot_E_Mail_Download_0-1024x684.png 1024w, https:\/\/studiwahlen.uni-kiel.de\/wp-content\/uploads\/2025\/04\/Screenshot_E_Mail_Download_0-768x513.png 768w, https:\/\/studiwahlen.uni-kiel.de\/wp-content\/uploads\/2025\/04\/Screenshot_E_Mail_Download_0-18x12.png 18w, https:\/\/studiwahlen.uni-kiel.de\/wp-content\/uploads\/2025\/04\/Screenshot_E_Mail_Download_0.png 1262w\" \/>\r\n                        <\/div><\/figure><figure class='gallery-item col col-auto'>\r\n                        <div class='gallery-icon landscape czr-gallery-icon'>\r\n                              <a data-lb-type=\"grouped-gallery\" href=\"https:\/\/studiwahlen.uni-kiel.de\/wp-content\/uploads\/2025\/04\/Screenshot_E_Mail_Download_1.png\" class=\"bg-link\"><\/a><img loading=\"lazy\" decoding=\"async\" width=\"300\" height=\"200\" src=\"https:\/\/studiwahlen.uni-kiel.de\/wp-content\/uploads\/2025\/04\/Screenshot_E_Mail_Download_1-300x200.png\" class=\"attachment-medium size-medium no-lazy\" alt=\"\" sizes=\"auto, (min-width: 1200px) 350px, (min-width: 992px) 290px, (min-width: 768px) 210px, (min-width: 576px) 150px, calc( 50vw - 30px )\" srcset=\"https:\/\/studiwahlen.uni-kiel.de\/wp-content\/uploads\/2025\/04\/Screenshot_E_Mail_Download_1-300x200.png 300w, https:\/\/studiwahlen.uni-kiel.de\/wp-content\/uploads\/2025\/04\/Screenshot_E_Mail_Download_1-1024x684.png 1024w, https:\/\/studiwahlen.uni-kiel.de\/wp-content\/uploads\/2025\/04\/Screenshot_E_Mail_Download_1-768x513.png 768w, https:\/\/studiwahlen.uni-kiel.de\/wp-content\/uploads\/2025\/04\/Screenshot_E_Mail_Download_1-18x12.png 18w, https:\/\/studiwahlen.uni-kiel.de\/wp-content\/uploads\/2025\/04\/Screenshot_E_Mail_Download_1.png 1262w\" \/>\r\n                        <\/div><\/figure>\r\n                  <\/div>\n\n<p>Auf Mobilger\u00e4ten geht es nach dem \u00d6ffnen der Nachricht \u00fcber &#8222;\u22ee&#8220;, &#8222;Mehr&#8220;, &#8222;Herunterladen&#8220; und dann &#8222;Quelltext (.eml)&#8220; zum Ziel, wie in der Bildstrecke unten zu sehen:<\/p>\n<div id='gallery-2' class='czr-gallery row flex-row czr-gallery-style gallery galleryid-1208 gallery-columns-4 gallery-size-medium'><figure class='gallery-item col col-auto'>\r\n                        <div class='gallery-icon portrait czr-gallery-icon'>\r\n                              <a data-lb-type=\"grouped-gallery\" href=\"https:\/\/studiwahlen.uni-kiel.de\/wp-content\/uploads\/2025\/04\/Screenshot_E_Mail_Download_3.png\" class=\"bg-link\"><\/a><img loading=\"lazy\" decoding=\"async\" width=\"139\" height=\"300\" src=\"https:\/\/studiwahlen.uni-kiel.de\/wp-content\/uploads\/2025\/04\/Screenshot_E_Mail_Download_3-139x300.png\" class=\"attachment-medium size-medium no-lazy\" alt=\"\" sizes=\"auto, (min-width: 1200px) 255px, (min-width: 992px) 210px, (min-width: 768px) 150px, (min-width: 576px) 105px, calc( 50vw - 30px )\" srcset=\"https:\/\/studiwahlen.uni-kiel.de\/wp-content\/uploads\/2025\/04\/Screenshot_E_Mail_Download_3-139x300.png 139w, https:\/\/studiwahlen.uni-kiel.de\/wp-content\/uploads\/2025\/04\/Screenshot_E_Mail_Download_3-6x12.png 6w, https:\/\/studiwahlen.uni-kiel.de\/wp-content\/uploads\/2025\/04\/Screenshot_E_Mail_Download_3.png 414w\" \/>\r\n                        <\/div><\/figure><figure class='gallery-item col col-auto'>\r\n                        <div class='gallery-icon portrait czr-gallery-icon'>\r\n                              <a data-lb-type=\"grouped-gallery\" href=\"https:\/\/studiwahlen.uni-kiel.de\/wp-content\/uploads\/2025\/04\/Screenshot_E_Mail_Download_4.png\" class=\"bg-link\"><\/a><img loading=\"lazy\" decoding=\"async\" width=\"139\" height=\"300\" src=\"https:\/\/studiwahlen.uni-kiel.de\/wp-content\/uploads\/2025\/04\/Screenshot_E_Mail_Download_4-139x300.png\" class=\"attachment-medium size-medium no-lazy\" alt=\"\" sizes=\"auto, (min-width: 1200px) 255px, (min-width: 992px) 210px, (min-width: 768px) 150px, (min-width: 576px) 105px, calc( 50vw - 30px )\" srcset=\"https:\/\/studiwahlen.uni-kiel.de\/wp-content\/uploads\/2025\/04\/Screenshot_E_Mail_Download_4-139x300.png 139w, https:\/\/studiwahlen.uni-kiel.de\/wp-content\/uploads\/2025\/04\/Screenshot_E_Mail_Download_4-6x12.png 6w, https:\/\/studiwahlen.uni-kiel.de\/wp-content\/uploads\/2025\/04\/Screenshot_E_Mail_Download_4.png 414w\" \/>\r\n                        <\/div><\/figure><figure class='gallery-item col col-auto'>\r\n                        <div class='gallery-icon portrait czr-gallery-icon'>\r\n                              <a data-lb-type=\"grouped-gallery\" href=\"https:\/\/studiwahlen.uni-kiel.de\/wp-content\/uploads\/2025\/04\/Screenshot_E_Mail_Download_5.png\" class=\"bg-link\"><\/a><img loading=\"lazy\" decoding=\"async\" width=\"139\" height=\"300\" src=\"https:\/\/studiwahlen.uni-kiel.de\/wp-content\/uploads\/2025\/04\/Screenshot_E_Mail_Download_5-139x300.png\" class=\"attachment-medium size-medium no-lazy\" alt=\"\" sizes=\"auto, (min-width: 1200px) 255px, (min-width: 992px) 210px, (min-width: 768px) 150px, (min-width: 576px) 105px, calc( 50vw - 30px )\" srcset=\"https:\/\/studiwahlen.uni-kiel.de\/wp-content\/uploads\/2025\/04\/Screenshot_E_Mail_Download_5-139x300.png 139w, https:\/\/studiwahlen.uni-kiel.de\/wp-content\/uploads\/2025\/04\/Screenshot_E_Mail_Download_5-6x12.png 6w, https:\/\/studiwahlen.uni-kiel.de\/wp-content\/uploads\/2025\/04\/Screenshot_E_Mail_Download_5.png 414w\" \/>\r\n                        <\/div><\/figure><figure class='gallery-item col col-auto'>\r\n                        <div class='gallery-icon portrait czr-gallery-icon'>\r\n                              <a data-lb-type=\"grouped-gallery\" href=\"https:\/\/studiwahlen.uni-kiel.de\/wp-content\/uploads\/2025\/04\/Screenshot_E_Mail_Download_6.png\" class=\"bg-link\"><\/a><img loading=\"lazy\" decoding=\"async\" width=\"139\" height=\"300\" src=\"https:\/\/studiwahlen.uni-kiel.de\/wp-content\/uploads\/2025\/04\/Screenshot_E_Mail_Download_6-139x300.png\" class=\"attachment-medium size-medium no-lazy\" alt=\"\" sizes=\"auto, (min-width: 1200px) 255px, (min-width: 992px) 210px, (min-width: 768px) 150px, (min-width: 576px) 105px, calc( 50vw - 30px )\" srcset=\"https:\/\/studiwahlen.uni-kiel.de\/wp-content\/uploads\/2025\/04\/Screenshot_E_Mail_Download_6-139x300.png 139w, https:\/\/studiwahlen.uni-kiel.de\/wp-content\/uploads\/2025\/04\/Screenshot_E_Mail_Download_6-6x12.png 6w, https:\/\/studiwahlen.uni-kiel.de\/wp-content\/uploads\/2025\/04\/Screenshot_E_Mail_Download_6.png 414w\" \/>\r\n                        <\/div><\/figure>\r\n                  <\/div>\n\n<p>Au\u00dferdem kann man auch mehrere Nachrichten auf einmal herunterladen. Dazu w\u00e4hlt man die gew\u00fcnschten Nachrichten aus (das geht auf Mobilger\u00e4ten in der Nachrichtenliste \u00fcber &#8222;\u22ee&#8220;, &#8222;Auswahl&#8220;, und dann nochmal &#8222;Auswahl&#8220; und dann die Auswahl der Checkboxen; Am Computer funktioniert das analog, oder sonst durch die Auswahl weiterer Nachrichten bei gedr\u00fcckter <kbd>Strg<\/kbd>-Taste) und geht dann, wie oben gezeigt bis zum &#8222;Herunterladen&#8220;-Men\u00fc. Dort w\u00e4hlt man nun &#8222;Maildir-Format (.zip)&#8220; aus. Die so erzeugte Datei enth\u00e4lt den Quelltext aller ausgew\u00e4hlten E-Mails.<\/p>\n<h3>Einverst\u00e4ndniserkl\u00e4rungen aus anderen Mailprogrammen speichern<\/h3>\n<p>Grunds\u00e4tzlich ist es auch m\u00f6glich, mit anderen Mailprogrammen die Einverst\u00e4ndniserkl\u00e4rungsmails so zu exportieren, dass sie alle notwendigen Informationen enthalten. In Thunderbird geht dies beispielsweise mit einem Rechtsklick auf die Mail und die Auswahl der Option &#8222;Speichern unter&#8220;.<\/p>\n<p>Microsoft Outlook bietet leider keine Option, um alle notwendigen Daten zu speichern. Nutzt hierf\u00fcr dann bitte den Webmail-Zugang wie oben beschrieben.<\/p>","protected":false},"excerpt":{"rendered":"<p>Wie bei jeder Wahl sind auch bei den anstehenden Wahlen zu den studentischen Gremien alle passiv Wahlberechtigten aufgefordert, Wahlvorschl\u00e4ge einzureichen. Die Formulare dazu findet ihr unter Download. Beim Ausf\u00fcllen dieser Formulare und beim Einreichen der Unterlagen gibt es ein paar Dinge zu beachten. Diese sind bereits kurz in den Formularen selbst aufgef\u00fchrt, hier aber nochmal [&hellip;]<\/p>\n","protected":false},"author":8,"featured_media":0,"parent":1186,"menu_order":0,"comment_status":"closed","ping_status":"closed","template":"","meta":{"footnotes":""},"class_list":["post-1208","page","type-page","status-publish","czr-hentry"],"jetpack_sharing_enabled":true,"_links":{"self":[{"href":"https:\/\/studiwahlen.uni-kiel.de\/en\/wp-json\/wp\/v2\/pages\/1208","targetHints":{"allow":["GET"]}}],"collection":[{"href":"https:\/\/studiwahlen.uni-kiel.de\/en\/wp-json\/wp\/v2\/pages"}],"about":[{"href":"https:\/\/studiwahlen.uni-kiel.de\/en\/wp-json\/wp\/v2\/types\/page"}],"author":[{"embeddable":true,"href":"https:\/\/studiwahlen.uni-kiel.de\/en\/wp-json\/wp\/v2\/users\/8"}],"replies":[{"embeddable":true,"href":"https:\/\/studiwahlen.uni-kiel.de\/en\/wp-json\/wp\/v2\/comments?post=1208"}],"version-history":[{"count":10,"href":"https:\/\/studiwahlen.uni-kiel.de\/en\/wp-json\/wp\/v2\/pages\/1208\/revisions"}],"predecessor-version":[{"id":1281,"href":"https:\/\/studiwahlen.uni-kiel.de\/en\/wp-json\/wp\/v2\/pages\/1208\/revisions\/1281"}],"up":[{"embeddable":true,"href":"https:\/\/studiwahlen.uni-kiel.de\/en\/wp-json\/wp\/v2\/pages\/1186"}],"wp:attachment":[{"href":"https:\/\/studiwahlen.uni-kiel.de\/en\/wp-json\/wp\/v2\/media?parent=1208"}],"curies":[{"name":"wp","href":"https:\/\/api.w.org\/{rel}","templated":true}]}}