{"id":13,"date":"2018-11-09T14:14:00","date_gmt":"2018-11-09T13:14:00","guid":{"rendered":"http:\/\/studiwahlen.asta-kiel.de\/?page_id=13"},"modified":"2025-01-24T13:14:30","modified_gmt":"2025-01-24T12:14:30","slug":"wahl-2023","status":"publish","type":"page","link":"https:\/\/studiwahlen.uni-kiel.de\/en\/archiv\/wahl-2023\/","title":{"rendered":"Wahl 2023"},"content":{"rendered":"<h3><a href=\"https:\/\/studiwahlen.uni-kiel.de\/wp-content\/uploads\/2023\/06\/Vorlaeufiges-Endergebnis-StupaWahl-2023.pdf\">Vorl\u00e4ufige Endergebnisse unter Download zu finden!<\/a><\/h3>\n<h3><\/h3>\n<h3>Die Studiwahlen haben begonnen!<\/h3>\n<p style=\"font-weight: 400;\">Sehr geehrte Studierende der CAU,<\/p>\n<p style=\"font-weight: 400;\">am heutigen\u00a0<strong>Donnerstag, dem 8. Juni 2023<\/strong><strong>,<\/strong>\u00a0beginnt um\u00a0<strong>12:00 Uhr<\/strong>\u00a0die Wahlfrist f\u00fcr\u00a0die Wahlen Ihrer Vertreterinnen und Vertreter zu den\u00a0<strong>Konventen und zum Erweiterten Senat der CAU sowie zu den Fachschaften und zum Studierendenparlament<\/strong>. Der Stichtag\u00a0(= letzter Wahltag)\u00a0ist\u00a0<strong>Mittwoch, der 21. Juni 2023, 17:00 Uhr<\/strong>.\u00a0In\u00a0dieser Mail\u00a0finden\u00a0Sie\u00a0alle Informationen\u00a0\u00fcber\u00a0den Wahlvorgang, der wie bereits in den vergangenen Jahren\u00a0im Online-Verfahren erfolgt.<\/p>\n<p style=\"font-weight: 400;\"><u>Ablauf des Wahlvorgangs<\/u><\/p>\n<ul>\n<li style=\"font-weight: 400;\">Eine Teilnahme an der Wahl ist ausschlie\u00dflich \u00fcber das Wahlportal m\u00f6glich. Eine nachtr\u00e4gliche Aush\u00e4ndigung von Briefwahlunterlagen kann nicht mehr erfolgen.<\/li>\n<li style=\"font-weight: 400;\">Zugang zum Wahlportal erhalten Sie ab dem 8.6.2023, 12:00 Uhr, \u00fcber diesen Link: <strong><u><a href=\"https:\/\/www.uni-kiel.de\/gf-praesidium\/de\/wahlangelegenheiten\/gremienwahlen\/gremienwahlen-2023\/IT-Sicherheit\" data-saferedirecturl=\"https:\/\/www.google.com\/url?q=https:\/\/www.uni-kiel.de\/gf-praesidium\/de\/wahlangelegenheiten\/gremienwahlen\/gremienwahlen-2023\/IT-Sicherheit&amp;source=gmail&amp;ust=1686308943962000&amp;usg=AOvVaw0LsPo0Aa7hVq0_ySXgXlkj\">Webseite zu den Gremienwahlen<\/a><\/u><\/strong>.<\/li>\n<li style=\"font-weight: 400;\">Mit dem Anklicken des Links best\u00e4tigen Sie, dass Sie die\u00a0<strong><u><a href=\"https:\/\/www.uni-kiel.de\/gf-praesidium\/de\/wahlangelegenheiten\/gremienwahlen\/gremienwahlen-2023\/Sicherheitshinweise_zur_Online-Wahl%20CAU%2023.pdf\" data-saferedirecturl=\"https:\/\/www.google.com\/url?q=https:\/\/www.uni-kiel.de\/gf-praesidium\/de\/wahlangelegenheiten\/gremienwahlen\/gremienwahlen-2023\/Sicherheitshinweise_zur_Online-Wahl%2520CAU%252023.pdf&amp;source=gmail&amp;ust=1686308943962000&amp;usg=AOvVaw0E05WCpg0qzzFjpGzIa4B2\">Sicherheitshinweise<\/a><\/u><\/strong>\u00a0zur Kenntnis genommen haben. Danach \u00f6ffnet sich ein Fenster, mithilfe dessen Sie sich mit Ihren gewohnten Zugangsdaten (stu&#8230;) als wahlberechtigt identifizieren.<\/li>\n<li style=\"font-weight: 400;\">Nun werden Sie zum Wahlportal weitergeleitet.<\/li>\n<li style=\"font-weight: 400;\">Es werden Ihnen ausschlie\u00dflich die Kandidierenden zu den Gremien angezeigt, f\u00fcr die Sie wahlberechtigt sind. Sie haben f\u00fcr jedes Gremium genau eine Stimme.<\/li>\n<li style=\"font-weight: 400;\">Am Ende des \u201eStimmzettels\u201c klicken Sie auf einen Button, woraufhin die Plausibilit\u00e4t Ihrer Auswahl gepr\u00fcft wird. Sollten Sie versehentlich mehrere Stimmen f\u00fcr dasselbe Gremium abgegeben haben, werden Sie darauf hingewiesen und k\u00f6nnen Ihre Angaben korrigieren.<\/li>\n<li style=\"font-weight: 400;\">Mit \u201eAbsenden\u201c endet Ihre Stimmabgabe. Eine R\u00fcckkehr oder ein erneutes Einloggen ist nicht m\u00f6glich.<\/li>\n<\/ul>\n<p style=\"font-weight: 400;\">Alle Informationen zur Wahl von Studierendenparlament und Fachschaften sowie Vorstellungen der kandidierenden Gruppen finden Sie unter\u00a0<strong><u><a href=\"https:\/\/studiwahlen.uni-kiel.de\/en\/archiv\/wahl-2023\/\" data-saferedirecturl=\"https:\/\/www.google.com\/url?q=https:\/\/studiwahlen.uni-kiel.de\/de\/aktuelle-wahl\/&amp;source=gmail&amp;ust=1686308943962000&amp;usg=AOvVaw1LWCOkwCthvVzmqBmUOlUs\">https:\/\/studiwahlen.uni-kiel.de\/de\/aktuelle-wahl\/<\/a><\/u><\/strong>.\u00a0Informationen zur Wahl von Konventen und Senat sowie die Gremienwahlordnung der CAU sind\u00a0unter\u00a0<strong><u><a href=\"http:\/\/www.uni-kiel.de\/gremienwahlen\" data-saferedirecturl=\"https:\/\/www.google.com\/url?q=http:\/\/www.uni-kiel.de\/gremienwahlen&amp;source=gmail&amp;ust=1686308943962000&amp;usg=AOvVaw3UToavPvxYiwQSOkxDh7xa\">www.uni-kiel.de\/gremienwahlen<\/a><\/u><\/strong>, Informationen und Hintergr\u00fcnde zu Online-Wahlen\u00a0<strong><u><a href=\"https:\/\/www.uni-kiel.de\/gf-praesidium\/de\/wahlangelegenheiten\/gremienwahlen\/online-wahlen?set_language=de\" data-saferedirecturl=\"https:\/\/www.google.com\/url?q=https:\/\/www.uni-kiel.de\/gf-praesidium\/de\/wahlangelegenheiten\/gremienwahlen\/online-wahlen?set_language%3Dde&amp;source=gmail&amp;ust=1686308943962000&amp;usg=AOvVaw00vFccTSTZejnzTLAQ2WY0\">hier<\/a><\/u><\/strong>\u00a0hinterlegt.<\/p>\n<p style=\"font-weight: 400;\">Yours Truly,<br \/>\nIhr Team Gremienwahlen<\/p>\n<h3><img loading=\"lazy\" decoding=\"async\" class=\"alignnone wp-image-982\" src=\"https:\/\/studiwahlen.uni-kiel.de\/wp-content\/uploads\/2023\/06\/Folie1-300x169.jpg\" alt=\"\" width=\"472\" height=\"266\" srcset=\"https:\/\/studiwahlen.uni-kiel.de\/wp-content\/uploads\/2023\/06\/Folie1-300x169.jpg 300w, https:\/\/studiwahlen.uni-kiel.de\/wp-content\/uploads\/2023\/06\/Folie1-1024x576.jpg 1024w, https:\/\/studiwahlen.uni-kiel.de\/wp-content\/uploads\/2023\/06\/Folie1-768x432.jpg 768w, https:\/\/studiwahlen.uni-kiel.de\/wp-content\/uploads\/2023\/06\/Folie1-18x10.jpg 18w, https:\/\/studiwahlen.uni-kiel.de\/wp-content\/uploads\/2023\/06\/Folie1-1110x624.jpg 1110w, https:\/\/studiwahlen.uni-kiel.de\/wp-content\/uploads\/2023\/06\/Folie1-528x297.jpg 528w, https:\/\/studiwahlen.uni-kiel.de\/wp-content\/uploads\/2023\/06\/Folie1.jpg 1280w\" sizes=\"auto, (max-width: 472px) 100vw, 472px\" \/><\/h3>\n<p>&nbsp;<\/p>\n<h3>Die Zulassung der Listen ist erfolgt<\/h3>\n<p>Der Wahlausschuss hat heute endg\u00fcltig \u00fcber die Zulassung der Listen entschieden. Es gab keine Ablehnungen. Eine Liste wurde zur\u00fcckgezogen. Die finalen Listen k\u00f6nnen beim Wahlausschuss eingesehen werden.<\/p>\n<p>&nbsp;<\/p>\n<p>Kiel, den 11.05.23<\/p>\n<h3><\/h3>\n<h3>Zugelassene Wahllisten zur Stupa-Wahl 2023<\/h3>\n<p>Folgende Listen wurden eingereicht und zur diesj\u00e4hrigen Stupa-Wahl zugelassen (Reihenfolge wie auf dem Wahlschein)<\/p>\n<p>CampusGr\u00fcne Hochschulgruppe<\/p>\n<p>Juso-Hochschulgruppe Kiel<\/p>\n<p>RCDS Kiel &#8211; Die Campus Union<\/p>\n<p>LHG &#8211; Liberale Hochschulgruppe<\/p>\n<p>Hochschulgruppe S\u00fcdschleswig<\/p>\n<p>Fachschaft Zahnmedizin<\/p>\n<p>&nbsp;<\/p>\n<p>Kiel, den 05.05.2023 und 11.05.2023<\/p>\n<h3>Wahlbudget der diesj\u00e4hrigen Gremienwahl<\/h3>\n<p>Aus Transparenzgr\u00fcnden gibt der Wahlausschuss bekannt, dass mit einem Budget von 2000\u20ac geplant wird. Auf Anforderung kann in den Budgetplan Einsicht genommen werden.<\/p>\n<p>Kiel, den 19.04.2023<\/p>\n<h3>Wahlbekanntmachung zur diesj\u00e4hrigen Gremienwahl 2023 ver\u00f6ffentlicht<\/h3>\n<p>\u00dcber den folgenden Link k\u00f6nnt ihr euch die offizielle <a href=\"https:\/\/studiwahlen.uni-kiel.de\/wp-content\/uploads\/2023\/04\/Wahlbekanntmachung-2023.pdf\">Election announcement<\/a> downloaden. Zus\u00e4tzlich h\u00e4ngt diese am Infobrett der Studierendenschaft in Mensa 1 zur Einsichtnahme aus.<\/p>\n<p>Kiel, den 06.04.2023<\/p>\n<h3>Wahlstichtag der diesj\u00e4hrigen Gremienwahlen ist der 21.06.2023<\/h3>\n<p>F\u00fcr die Gremienwahlen 2023 wurde durch den Wahlausschuss in Abstimmung mit der gesamtuniversit\u00e4ren Wahlleitung der Wahlstichtag auf den 21.06.2023 festgelegt. Alle weiteren Informationen erhaltet ihr in K\u00fcrze durch den Wahlausschuss.<\/p>\n<p>Kiel, den 28.03.2023<\/p>\n<h3>Relevante Termine der diesj\u00e4hrigen Gremienwahlen 2023<\/h3>\n<p>Auf Grund von Feiertagen und Wochenenden wurden die Fristen zu Gunsten einreichender Listen, Fachschaftsvertretungen und Wahlberechtigten jeweils auf den entsprechenden Werktag zu vor verl\u00e4ngert.<\/p>\n<p>&nbsp;<\/p>\n<p>Wahlstichtag: 21.06.23, 17:00 Uhr<\/p>\n<p>Online-Wahl: 08.06.23-21.06.23, 17 Uhr<\/p>\n<p>Beantragung der Briefwahlunterlagen: bis 05.06.23.<\/p>\n<p>Abgabe der Briefwahlunterlagen am Wahltag 21.06.23: bis 14 Uhr<\/p>\n<p>Einsicht in das Wahlberechtigtenverzeichnis: 28.04.23-15.05.23<\/p>\n<p>Abgabe der Wahlvorschl\u00e4ge: bis 03.05.23, 17 Uhr<\/p>\n<p>&nbsp;<\/p>\n<p>Kiel, den 06.04.2023<\/p>\n<h3>Sitzungen des Wahlausschusses<\/h3>\n<ol>\n<li><a href=\"https:\/\/studiwahlen.uni-kiel.de\/wp-content\/uploads\/2023\/03\/Protokoll-1.-Sitzung.pdf\">Sitzung des Wahlausschusses digital am 21.03.23 um 19 Uhr<\/a><\/li>\n<li><a href=\"https:\/\/studiwahlen.uni-kiel.de\/wp-content\/uploads\/2023\/03\/Protokoll-2.-Sitzung.pdf\">Sitzung des Wahlausschusses digital am 28.03.23 um 18 Uhr<\/a><\/li>\n<li><a href=\"https:\/\/studiwahlen.uni-kiel.de\/wp-content\/uploads\/2023\/04\/Protokoll-3.-Sitzung.pdf\">Sitzung des Wahlausschusses digital am 19.04.23 um 19 Uhr<\/a><\/li>\n<li><a href=\"https:\/\/studiwahlen.uni-kiel.de\/wp-content\/uploads\/2023\/05\/Protokoll-4.-Sitzung.pdf\">Sitzung des Wahlausschusses am 02.05.23 um 16 Uhr im Audimax, Wahlb\u00fcro, UG.<\/a><\/li>\n<li><a href=\"https:\/\/studiwahlen.uni-kiel.de\/wp-content\/uploads\/2023\/05\/Protokoll-5.-Sitzung-2.pdf\">Sitzung des Wahlausschusses digital am 05.05.23 um 15:30 Uhr<\/a><\/li>\n<li><a href=\"https:\/\/studiwahlen.uni-kiel.de\/wp-content\/uploads\/2023\/05\/Protokoll-6.-Sitzung.pdf\">Sitzung des Wahlausschusses digital am 11.05.23 um 18:00 Uhr<\/a><\/li>\n<li><a href=\"https:\/\/studiwahlen.uni-kiel.de\/wp-content\/uploads\/2023\/05\/Protokoll-7.-Sitzung.pdf\">Sitzung des Wahlausschusses digital am 16.05.23 um 16:00 Uhr<\/a><\/li>\n<li><a href=\"https:\/\/studiwahlen.uni-kiel.de\/wp-content\/uploads\/2023\/05\/Protokoll-8.-Sitzung.pdf\">Sitzung des Wahlausschusses digital am 25.05.23 um 18:00 Uhr<\/a><\/li>\n<li><a href=\"https:\/\/studiwahlen.uni-kiel.de\/wp-content\/uploads\/2023\/05\/Protokoll-9.-Sitzung.pdf\">Sitzung des Wahlausschusses digital am 31.05.23 um 18:40 Uhr<\/a><\/li>\n<li><a href=\"https:\/\/studiwahlen.uni-kiel.de\/wp-content\/uploads\/2023\/06\/Protokoll-10.-Sitzung.pdf\">Sitzung des Wahlausschusses digital am 21.06.23 um 17:00 Uhr<\/a><\/li>\n<\/ol>\n<p>Die Protokolle der Sitzungen befinden sich im Downloadbereich.<\/p>","protected":false},"excerpt":{"rendered":"<p>Vorl\u00e4ufige Endergebnisse unter Download zu finden! Die Studiwahlen haben begonnen! Sehr geehrte Studierende der CAU, am heutigen\u00a0Donnerstag, dem 8. Juni 2023,\u00a0beginnt um\u00a012:00 Uhr\u00a0die Wahlfrist f\u00fcr\u00a0die Wahlen Ihrer Vertreterinnen und Vertreter zu den\u00a0Konventen und zum Erweiterten Senat der CAU sowie zu den Fachschaften und zum Studierendenparlament. Der Stichtag\u00a0(= letzter Wahltag)\u00a0ist\u00a0Mittwoch, der 21. Juni 2023, 17:00 Uhr.\u00a0In\u00a0dieser [&hellip;]<\/p>\n","protected":false},"author":8,"featured_media":0,"parent":15,"menu_order":2,"comment_status":"closed","ping_status":"closed","template":"","meta":{"footnotes":""},"class_list":["post-13","page","type-page","status-publish","czr-hentry"],"jetpack_sharing_enabled":true,"_links":{"self":[{"href":"https:\/\/studiwahlen.uni-kiel.de\/en\/wp-json\/wp\/v2\/pages\/13","targetHints":{"allow":["GET"]}}],"collection":[{"href":"https:\/\/studiwahlen.uni-kiel.de\/en\/wp-json\/wp\/v2\/pages"}],"about":[{"href":"https:\/\/studiwahlen.uni-kiel.de\/en\/wp-json\/wp\/v2\/types\/page"}],"author":[{"embeddable":true,"href":"https:\/\/studiwahlen.uni-kiel.de\/en\/wp-json\/wp\/v2\/users\/8"}],"replies":[{"embeddable":true,"href":"https:\/\/studiwahlen.uni-kiel.de\/en\/wp-json\/wp\/v2\/comments?post=13"}],"version-history":[{"count":13,"href":"https:\/\/studiwahlen.uni-kiel.de\/en\/wp-json\/wp\/v2\/pages\/13\/revisions"}],"predecessor-version":[{"id":1150,"href":"https:\/\/studiwahlen.uni-kiel.de\/en\/wp-json\/wp\/v2\/pages\/13\/revisions\/1150"}],"up":[{"embeddable":true,"href":"https:\/\/studiwahlen.uni-kiel.de\/en\/wp-json\/wp\/v2\/pages\/15"}],"wp:attachment":[{"href":"https:\/\/studiwahlen.uni-kiel.de\/en\/wp-json\/wp\/v2\/media?parent=13"}],"curies":[{"name":"wp","href":"https:\/\/api.w.org\/{rel}","templated":true}]}}