{"id":1300,"date":"2025-05-12T11:16:22","date_gmt":"2025-05-12T09:16:22","guid":{"rendered":"https:\/\/studiwahlen.uni-kiel.de\/?page_id=1300"},"modified":"2025-06-10T11:26:25","modified_gmt":"2025-06-10T09:26:25","slug":"antretende-gruppen-fuer-das-stupa-2025","status":"publish","type":"page","link":"https:\/\/studiwahlen.uni-kiel.de\/en\/wahl-2025\/antretende-gruppen-fuer-das-stupa-2025\/","title":{"rendered":"Groups running for the StuPa 2025"},"content":{"rendered":"<p>The following lists are running for this years StuPa election:<\/p>\n<ul>\n<li> <a href=\"https:\/\/studiwahlen.uni-kiel.de\/en\/wahl-2025\/antretende-gruppen-fuer-das-stupa-2025\/wahlprogramm-campus-gruene\/\">Campus Gr\u00fcne<\/a> <\/li>\n<li> <a href=\"https:\/\/studiwahlen.uni-kiel.de\/wp-content\/uploads\/2025\/05\/Juso-HSG-Programm-2025.pdf\">Juso-Hochschulgruppe<\/a> <\/li>\n<li> <a href=\"https:\/\/studiwahlen.uni-kiel.de\/wp-content\/uploads\/2025\/06\/RCDS-Kiel-Wahlprogramm-StuPa-Wahl-2025.pdf\">RCDS &#8211; Die Campus Union<\/a> <\/li>\n<li> <a href=\"https:\/\/www.diefachschaften.de\/programm-intl\" target=\"_blank\">Die Fachschaften \u00d7 UDP<\/a> <\/li>\n<li> LHG <\/li>\n<li> <a href=\"https:\/\/studiwahlen.uni-kiel.de\/wp-content\/uploads\/2025\/05\/Wahlprogramm-IJV-2025.pdf\">Arbeitende und lernende Jugend: IJV Kiel<\/a> <\/li>\n<li> <a href=\"https:\/\/studiwahlen.uni-kiel.de\/en\/wahl-2025\/antretende-gruppen-fuer-das-stupa-2025\/wahlprogramm-perspektive-links\/\">Perspektive Links<\/a> <\/li>\n<li> <a href=\"https:\/\/studiwahlen.uni-kiel.de\/wp-content\/uploads\/2025\/06\/Volt_Kiel_Hochschulprogramm_2025.pdf\">Volt<\/a> <\/li>\n<\/ul>\n<p>The lists can publish an election programme or a self-presentation here. This will be published as soon as it is received by the election committee. The respective lists are solely responsible for the content linked here.<\/p>","protected":false},"excerpt":{"rendered":"<p>Folgende Listen treten zur diesj\u00e4hrigen StuPa-Wahl an: Campus Gr\u00fcne Juso-Hochschulgruppe RCDS &#8211; Die Campus Union Die Fachschaften \u00d7 UDP LHG Arbeitende und lernende Jugend: IJV Kiel Perspektive Links Volt Die Listen k\u00f6nnen hier ein Wahlprogramm oder eine Selbstdarstellung ver\u00f6ffentlichen. Diese wird ver\u00f6ffentlicht, sobald sie dem Wahlausschuss zugeht. F\u00fcr die hier verlinkten Inhalte sind ausschlie\u00dflich die [&hellip;]<\/p>\n","protected":false},"author":8,"featured_media":0,"parent":1186,"menu_order":0,"comment_status":"closed","ping_status":"closed","template":"","meta":{"footnotes":""},"class_list":["post-1300","page","type-page","status-publish","czr-hentry"],"jetpack_sharing_enabled":true,"_links":{"self":[{"href":"https:\/\/studiwahlen.uni-kiel.de\/en\/wp-json\/wp\/v2\/pages\/1300","targetHints":{"allow":["GET"]}}],"collection":[{"href":"https:\/\/studiwahlen.uni-kiel.de\/en\/wp-json\/wp\/v2\/pages"}],"about":[{"href":"https:\/\/studiwahlen.uni-kiel.de\/en\/wp-json\/wp\/v2\/types\/page"}],"author":[{"embeddable":true,"href":"https:\/\/studiwahlen.uni-kiel.de\/en\/wp-json\/wp\/v2\/users\/8"}],"replies":[{"embeddable":true,"href":"https:\/\/studiwahlen.uni-kiel.de\/en\/wp-json\/wp\/v2\/comments?post=1300"}],"version-history":[{"count":8,"href":"https:\/\/studiwahlen.uni-kiel.de\/en\/wp-json\/wp\/v2\/pages\/1300\/revisions"}],"predecessor-version":[{"id":1343,"href":"https:\/\/studiwahlen.uni-kiel.de\/en\/wp-json\/wp\/v2\/pages\/1300\/revisions\/1343"}],"up":[{"embeddable":true,"href":"https:\/\/studiwahlen.uni-kiel.de\/en\/wp-json\/wp\/v2\/pages\/1186"}],"wp:attachment":[{"href":"https:\/\/studiwahlen.uni-kiel.de\/en\/wp-json\/wp\/v2\/media?parent=1300"}],"curies":[{"name":"wp","href":"https:\/\/api.w.org\/{rel}","templated":true}]}}