{"id":17,"date":"2018-11-09T14:14:36","date_gmt":"2018-11-09T13:14:36","guid":{"rendered":"http:\/\/studiwahlen.asta-kiel.de\/?page_id=17"},"modified":"2026-02-26T15:05:14","modified_gmt":"2026-02-26T14:05:14","slug":"ausschuss","status":"publish","type":"page","link":"https:\/\/studiwahlen.uni-kiel.de\/en\/ausschuss\/","title":{"rendered":"Committee"},"content":{"rendered":"<div class=\"ce_text first block\">\n<h1>Election Committee<\/h1>\n<p>The Election Committee is responsible for the preparation and conduct of student elections.<br \/>\nCurrent Members are:<\/p>\n<p>Daniel M\u00e4ckelmann (<span>kommissarische Wahlleitung<\/span>), N. N. (<span>stellvertretende Wahlleitung<\/span>), N. N. (<span>stellvertretende Wahlleitung<\/span>), Danquah Gyimah Kwaku, Lenn Richter, N. N., N.N.<\/p>\n<h4> Scheduled meetings <\/h4>\n<ul>\n<!-- \n\n<li> 1. ordentliche Sitzung des Wahlausschusses am <time datetime=\"2025-04-04 10:00:00+0200\">4. April 2025 um 10:00 s.t.<\/time> in Raum LMS8 - R.EG.018 sowie \u00fcber <a href=\"https:\/\/mediaportal01.rz.uni-kiel.de\/b\/bil-jva-ew7-lzx\" target=\"_blank\">Big Blue Button<\/a>.\n<\/li>\n\n\n\n\n<li> 1. au\u00dferordentliche Sitzung des Wahlausschusses am <time datetime=\"2025-04-11 10:00:00+0200\">11. April 2025 um 10:00 s.t.<\/time> in Raum LMS8 - R.EG.018 sowie \u00fcber <a href=\"https:\/\/mediaportal01.rz.uni-kiel.de\/b\/bil-jva-ew7-lzx\" target=\"_blank\">Big Blue Button<\/a>.\n<\/li>\n\n\n\n\n<li> 2. ordentliche Sitzung des Wahlausschusses am <time datetime=\"2025-05-06 16:00:00+0200\">6. Mai 2025 um 16:00 s.t.<\/time> in Raum LMS2 - R.\u00dc2\/K sowie \u00fcber <a href=\"https:\/\/mediaportal01.rz.uni-kiel.de\/b\/bil-jva-ew7-lzx\" target=\"_blank\">Big Blue Button<\/a>.\n<\/li>\n\n\n\n\n<li> 3. ordentliche Sitzung des Wahlausschusses am <time datetime=\"2025-06-18 18:00:00+0200\">18. Juni 2025 um 18:00 s.t.<\/time> in Raum LMS8 - R.EG.010 sowie \u00fcber <a href=\"https:\/\/mediaportal01.rz.uni-kiel.de\/b\/bil-jva-ew7-lzx\" target=\"_blank\">Big Blue Button<\/a>.\n<\/li>\n\n\n\n\n<li> 2. ordentliche Sitzung des Wahlpr\u00fcfungsausschuss am <time datetime=\"2025-06-23 19:00:00+0200\">23. Juni 2025 um 19:00 s.t.<\/time> in Raum LMS8 - R.EG.018. und via Zoom (Link auf Anfrage)\n<\/li>\n\n --><\/p>\n<li> Noch sind keine Sitzungen geplant <\/li>\n<\/ul>\n<\/div>\n<div class=\"ce_text block\">\n<h3>Election review board<\/h3>\n<p>The Election Review Board is responsible for reviewing the election process and determining the final election result.<\/p>\n<p>This year's members are: Ben Matthies (<span>Chair<\/span>), Jonathan Heyer, Mohammad Yusuf Mustafa, N.N., N.N.<\/p>\n<\/div>\n<div class=\"ce_downloads last block\">\n<h3>Minutes of committee meetings<\/h3>\n<\/div>","protected":false},"excerpt":{"rendered":"<p>Wahlausschuss Der Wahlausschuss ist f\u00fcr die Vorbereitung und Durchf\u00fchrung der Studierendenwahlen zust\u00e4ndig. Derzeitige Mitglieder sind: Daniel M\u00e4ckelmann (kommissarische Wahlleitung), N. N. (stellvertretende Wahlleitung), N. N. (stellvertretende Wahlleitung), Danquah Gyimah Kwaku, Lenn Richter, N. N., N.N. Geplante Sitzungen Noch sind keine Sitzungen geplant Wahlpr\u00fcfungsausschuss Der Wahlpr\u00fcfungsausschuss ist f\u00fcr die \u00dcberpr\u00fcfung des Wahlvorgangs und die Feststellung des [&hellip;]<\/p>\n","protected":false},"author":8,"featured_media":0,"parent":0,"menu_order":0,"comment_status":"closed","ping_status":"closed","template":"","meta":{"footnotes":""},"class_list":["post-17","page","type-page","status-publish","czr-hentry"],"jetpack_sharing_enabled":true,"_links":{"self":[{"href":"https:\/\/studiwahlen.uni-kiel.de\/en\/wp-json\/wp\/v2\/pages\/17","targetHints":{"allow":["GET"]}}],"collection":[{"href":"https:\/\/studiwahlen.uni-kiel.de\/en\/wp-json\/wp\/v2\/pages"}],"about":[{"href":"https:\/\/studiwahlen.uni-kiel.de\/en\/wp-json\/wp\/v2\/types\/page"}],"author":[{"embeddable":true,"href":"https:\/\/studiwahlen.uni-kiel.de\/en\/wp-json\/wp\/v2\/users\/8"}],"replies":[{"embeddable":true,"href":"https:\/\/studiwahlen.uni-kiel.de\/en\/wp-json\/wp\/v2\/comments?post=17"}],"version-history":[{"count":11,"href":"https:\/\/studiwahlen.uni-kiel.de\/en\/wp-json\/wp\/v2\/pages\/17\/revisions"}],"predecessor-version":[{"id":1380,"href":"https:\/\/studiwahlen.uni-kiel.de\/en\/wp-json\/wp\/v2\/pages\/17\/revisions\/1380"}],"wp:attachment":[{"href":"https:\/\/studiwahlen.uni-kiel.de\/en\/wp-json\/wp\/v2\/media?parent=17"}],"curies":[{"name":"wp","href":"https:\/\/api.w.org\/{rel}","templated":true}]}}