{"id":21,"date":"2018-11-09T14:16:52","date_gmt":"2018-11-09T13:16:52","guid":{"rendered":"http:\/\/studiwahlen.asta-kiel.de\/?page_id=21"},"modified":"2026-04-06T21:30:31","modified_gmt":"2026-04-06T19:30:31","slug":"home","status":"publish","type":"page","link":"https:\/\/studiwahlen.uni-kiel.de\/en\/","title":{"rendered":"Home"},"content":{"rendered":"<h1 style=\"text-align: center;\">Student Elections<\/h1>\n<p style=\"text-align: center;\" class=\"translation-block\"><strong>Welcome<\/strong> on the pages of the election committee of the student body of the Christian-Albrechts-Universit\u00e4t zu Kiel. We are looking forward to your visit and hope that you will find answers to all your questions here. All important documents, as well as the insight of the last StuPa election can be found under Downloads.<\/p>\n<p style=\"text-align: center;\">Weitere Informationen und Aktuelles erhaltet ihr auch \u00fcber Instagram: <a href=\"https:\/\/www.instagram.com\/studiwahlcau\/\">https:\/\/www.instagram.com\/studiwahlcau\/<\/a><\/p>\n<h1> Wahlen 2026 <\/h1>\n<p>Das Pr\u00e4sidium des Studierendenparlaments hat als Stichtag f\u00fcr die diesj\u00e4hrigen Wahlen den 17.6.26 festgelegt. Alle weiteren Informationen erhaltet ihr in der <a href=\"https:\/\/studiwahlen.uni-kiel.de\/wp-content\/uploads\/2026\/04\/Wahlbekanntmachung-.pdf\">Election announcement<\/a>.<\/p>\n<h1>People wanted for the election committees<\/h1>\n<p>Dear Students,<\/p>\n<p class=\"translation-block\"><p>for the upcoming summer Student-Elections (the Elections for the Student Parliament and the student unions) the Student Parliament (StuPa) is looking for:\n<\/p>\n1) Students to join the ELECTION COMMITTEE including a ELECTION COORDINATOR, <br>\n\n2) Students to join the ELECTION STANDARDS COMMITTEE.\n\n<p>All CAU Students have the opportunity to join these committees!<\/p><\/p>\n<p><u>What are the Student Elections?<\/u><\/p>\n<p>Each year all students elect the members of the Student Parliament and of the student unions. These represent the interests of students.<\/p>\n<p><u>What does the Election Committee do?<\/u><\/p>\n<p>The election committee is made up of 5 to 9 members who collect the lists of candidates and, in close cooperation with the university\u2019s election office, inform students about the elections and encourage them to vote.<\/p>\n<p class=\"translation-block\">To this end, the election committee is required to motivate as many students as possible to vote through election advertising. How exactly this should look is up to you. In recent years, for example, there have been posters and flyers, panel discussions and election videos. The committee has a budget available for the campaigns.<\/p>\n<p><u>How much time should I plan with?<\/u><\/p>\n<p class=\"translation-block\">This isn't easy to predict and depends on the scale of the campaign. Preparation for the elections starts in April, the election deadline is usually in June. Last year, members claimed about 2-3 hours per week in April and May, and 6 hours per Week in June. The committee self-organizes and therefore decides on the meeting frequency itself.<\/p>\n<p><u>Was bringt die Arbeit im Wahlausschuss?<\/u><\/p>\n<p><strong>Spa\u00df und Platz f\u00fcr eure kreativen Ideen!<\/strong> Ihr bekleidet ein wichtiges Ehrenamt f\u00fcr die studentische Selbstverwaltung. Nach erfolgreicher T\u00e4tigkeit kann euch eine Bescheinigung dar\u00fcber ausgestellt werden.<\/p>\n<p>Au\u00dferdem erhaltet ihr eine finanzielle <strong>Aufwandsentsch\u00e4digung <\/strong>in H\u00f6he von 165 \u20ac pro Monat. F\u00fcr einfache Ausschussmitglieder werden drei T\u00e4tigkeitsmonate veranschlagt, f\u00fcr die Wahlleitung f\u00fcnf.<\/p>\n<p><u>What does the Election Standards Committee do?<\/u><\/p>\n<p>The Election Standards Committee is comprised of five elected persons. They are responsible for ensuring that the elections were carried out according to the official election procedure.<\/p>\n<p><wbr> <strong><wbr><\/strong>\u00a0<wbr><\/p>\n<p><u>Important Formalities<\/u><\/p>\n<p class=\"translation-block\">As a member of the Election or Election Standards Committees you surrender for the duration of your service the right to hold office. This means that in summer, the student body cannot elect you. Members of the Election Committee will receive financial compensation. Law students do not receive a certificate for an administrative internship.<\/p>\n<p>In your work, you are bound by the Statutes of the student body, especially the election ordinance (<a class=\"v1moz-txt-link-freetext\" href=\"https:\/\/www.stupa.uni-kiel.de\/download\/wahlordnung-der-studierendenschaft-2020-01-28\/\" target=\"_blank\" rel=\"noopener noreferrer\">https:\/\/www.stupa.uni-kiel.de\/download\/wahlordnung-der-studierendenschaft-2020-01-28\/<\/a>).<\/p>\n<p><u>How can you apply?<\/u><\/p>\n<p>Das StuPa w\u00e4hlt die Mitglieder auf seiner n\u00e4chsten Sitzung am <strong>Montag, den<\/strong> <strong>23. Februar 2026 ab 18:00 Uhr<\/strong>. Die Sitzung findet in <strong>LMS 8 &#8211; R.EG.017<\/strong> statt. Ihr k\u00f6nnt spontan auf der Sitzung kandidieren. F\u00fcr eine bessere Planung bitte ich um eine kurze Bekanntgabe an uns unter <u><a class=\"v1moz-txt-link-freetext\" href=\"mailto:praesidium@stupa.uni-kiel.de\" rel=\"noreferrer\">praesidium@stupa.uni-kiel.de<\/a><\/u>.<\/p>\n<p class=\"translation-block\"><u>Do you still have questions?<\/u><\/p>\n<p>If you have question concerning the exact responsibilities and duties of the Election Committee feel free to contact us.<\/p>\n<p>Yours Truly,<\/p>\n<p>Presidium of student parliament<\/p>\n<h2>Elections for the StuPa and the student representatives<\/h2>\n<div class=\"sek-module-inner\">\n<p>If you have any questions regarding the election or the inspection of the list of eligible voters, please contact us at the following e-mail address:<\/p>\n<p><a href=\"mailto:wahl@studiwahlen.uni-kiel.de\"><strong>wahl@studiwahlen.uni-kiel.de<\/strong><\/a><\/p>\n<\/div>","protected":false},"excerpt":{"rendered":"<p>Studiwahlen Herzlich Willkommen auf den Seiten des Wahlausschusses der Studierendenschaft der Christian-Albrechts-Universit\u00e4t zu Kiel. Wir freuen uns \u00fcber deinen Besuch und hoffen, dass du hier Antworten auf alle deine Fragen findest. Alle wichtigen Dokumente sowie die Einsicht der letzten StuPa-Wahl findet ihr unter Downloads. Weitere Informationen und Aktuelles erhaltet ihr auch \u00fcber Instagram: https:\/\/www.instagram.com\/studiwahlcau\/ Wahlen [&hellip;]<\/p>\n","protected":false},"author":8,"featured_media":0,"parent":0,"menu_order":0,"comment_status":"closed","ping_status":"closed","template":"","meta":{"footnotes":""},"class_list":["post-21","page","type-page","status-publish","czr-hentry"],"jetpack_sharing_enabled":true,"_links":{"self":[{"href":"https:\/\/studiwahlen.uni-kiel.de\/en\/wp-json\/wp\/v2\/pages\/21","targetHints":{"allow":["GET"]}}],"collection":[{"href":"https:\/\/studiwahlen.uni-kiel.de\/en\/wp-json\/wp\/v2\/pages"}],"about":[{"href":"https:\/\/studiwahlen.uni-kiel.de\/en\/wp-json\/wp\/v2\/types\/page"}],"author":[{"embeddable":true,"href":"https:\/\/studiwahlen.uni-kiel.de\/en\/wp-json\/wp\/v2\/users\/8"}],"replies":[{"embeddable":true,"href":"https:\/\/studiwahlen.uni-kiel.de\/en\/wp-json\/wp\/v2\/comments?post=21"}],"version-history":[{"count":11,"href":"https:\/\/studiwahlen.uni-kiel.de\/en\/wp-json\/wp\/v2\/pages\/21\/revisions"}],"predecessor-version":[{"id":1387,"href":"https:\/\/studiwahlen.uni-kiel.de\/en\/wp-json\/wp\/v2\/pages\/21\/revisions\/1387"}],"wp:attachment":[{"href":"https:\/\/studiwahlen.uni-kiel.de\/en\/wp-json\/wp\/v2\/media?parent=21"}],"curies":[{"name":"wp","href":"https:\/\/api.w.org\/{rel}","templated":true}]}}