{"id":27,"date":"2018-11-09T14:17:25","date_gmt":"2018-11-09T13:17:25","guid":{"rendered":"http:\/\/studiwahlen.asta-kiel.de\/?page_id=27"},"modified":"2021-06-03T20:21:01","modified_gmt":"2021-06-03T18:21:01","slug":"wie-waehlen","status":"publish","type":"page","link":"https:\/\/studiwahlen.uni-kiel.de\/en\/wie-waehlen\/","title":{"rendered":"How to vote"},"content":{"rendered":"<h1 style=\"text-align: center;\">Online elections<\/h1>\n<p>In diesem Jahr findet die Wahl zum zweiten Mal als Online-Wahl statt.<\/p>\n<p>Das bedeutet f\u00fcr euch wieder folgendes:<\/p>\n<p>Ihr bekommt eine Mail an eure Stu-Mail gesandt, welche den Zugangslink zu der Wahl beinhaltet.<br \/>\nThereupon you log in with the usual access data for your Stu-Mail (QIS, OLAT, HISinOne) and will be redirected to the external election page. There you will be shown all necessary ballot papers for which you are entitled to vote.<br \/>\nYou can cast your votes and review them before submitting them.<br \/>\nAuch werden Euch ung\u00fcltige Stimmen angezeigt, sodass Ihr die M\u00f6glichkeit habt diese zu verbessern.<\/p>\n<p>Briefwahlunterlagen f\u00fcr die Wahl der Fachschaftsvertretungen, des StuPa sowie der internationalen Studierenden k\u00f6nnen generell innerhalb der Frist mittels eines amtlichen Formulars beantragt werden. Das Formular wird auf der Webseite www.uni-kiel.de\/gremienwahlen bereitgestellt. Au\u00dferdem ist eine pers\u00f6nliche Beantragung im Wahlamt zu den \u00d6ffnungszeiten m\u00f6glich.<\/p>","protected":false},"excerpt":{"rendered":"<p>Online-Wahlen In diesem Jahr findet die Wahl zum zweiten Mal als Online-Wahl statt. Das bedeutet f\u00fcr euch wieder folgendes: Ihr bekommt eine Mail an eure Stu-Mail gesandt, welche den Zugangslink zu der Wahl beinhaltet. Daraufhin meldet Ihr Euch mit den gewohnten Zugangsdaten f\u00fcr Eure Stu-Mail (QIS, OLAT, HISinOne) an und werdet auf die externe Wahlseite [&hellip;]<\/p>\n","protected":false},"author":8,"featured_media":0,"parent":0,"menu_order":0,"comment_status":"closed","ping_status":"closed","template":"","meta":{"footnotes":""},"class_list":["post-27","page","type-page","status-publish","czr-hentry"],"jetpack_sharing_enabled":true,"_links":{"self":[{"href":"https:\/\/studiwahlen.uni-kiel.de\/en\/wp-json\/wp\/v2\/pages\/27","targetHints":{"allow":["GET"]}}],"collection":[{"href":"https:\/\/studiwahlen.uni-kiel.de\/en\/wp-json\/wp\/v2\/pages"}],"about":[{"href":"https:\/\/studiwahlen.uni-kiel.de\/en\/wp-json\/wp\/v2\/types\/page"}],"author":[{"embeddable":true,"href":"https:\/\/studiwahlen.uni-kiel.de\/en\/wp-json\/wp\/v2\/users\/8"}],"replies":[{"embeddable":true,"href":"https:\/\/studiwahlen.uni-kiel.de\/en\/wp-json\/wp\/v2\/comments?post=27"}],"version-history":[{"count":10,"href":"https:\/\/studiwahlen.uni-kiel.de\/en\/wp-json\/wp\/v2\/pages\/27\/revisions"}],"predecessor-version":[{"id":740,"href":"https:\/\/studiwahlen.uni-kiel.de\/en\/wp-json\/wp\/v2\/pages\/27\/revisions\/740"}],"wp:attachment":[{"href":"https:\/\/studiwahlen.uni-kiel.de\/en\/wp-json\/wp\/v2\/media?parent=27"}],"curies":[{"name":"wp","href":"https:\/\/api.w.org\/{rel}","templated":true}]}}