{"id":31,"date":"2018-11-09T14:17:57","date_gmt":"2018-11-09T13:17:57","guid":{"rendered":"http:\/\/studiwahlen.asta-kiel.de\/?page_id=31"},"modified":"2025-01-20T21:56:07","modified_gmt":"2025-01-20T20:56:07","slug":"kontakt","status":"publish","type":"page","link":"https:\/\/studiwahlen.uni-kiel.de\/en\/kontakt\/","title":{"rendered":"Contact"},"content":{"rendered":"<h3><\/h3>\n<h3>Contact<\/h3>\n<p>Election committee of the student body of the Christian-Albrechts-Universit\u00e4t zu Kiel<\/p>\n<p>c\/o General Student Committee<br \/>\nWestring 385, 24118 Kiel<br \/>\nE-Mail wahl@studiwahlen.uni-kiel.de<br \/>\nWebsite https:\/\/studiwahlen.uni-kiel.de\/<\/p>\n<p>&nbsp;<\/p>\n<p>Der Wahlausschuss ist ein Organ der verfassten Studierendenschaft der Christian-Albrechts-Universit\u00e4t zu Kiel.\u00a0 Dieser wird gesetzlich vertreten durch:<br \/>\nDaniel M\u00e4ckelmann (Wahlleiter der Studierendenschaft)<\/p>\n<p>&nbsp;<\/p>\n<p>Competent supervisory authority:<br \/>\nChristian-Albrechts-Universit\u00e4t zu Kiel<\/p>\n<p>&nbsp;<\/p>\n<p>&nbsp;<\/p>\n<p>Technical support of the website:<br \/>\nMats Groth<br \/>\nit@asta.uni-kiel.de<\/p>","protected":false},"excerpt":{"rendered":"<p>Kontakt Wahlausschuss der Studierendenschaft der Christian-Albrechts-Universit\u00e4t zu Kiel c\/o Allgemeiner Studierendenausschuss Westring 385, 24118 Kiel E-Mail wahl@studiwahlen.uni-kiel.de Website https:\/\/studiwahlen.uni-kiel.de\/ &nbsp; Der Wahlausschuss ist ein Organ der verfassten Studierendenschaft der Christian-Albrechts-Universit\u00e4t zu Kiel.\u00a0 Dieser wird gesetzlich vertreten durch: Daniel M\u00e4ckelmann (Wahlleiter der Studierendenschaft) &nbsp; Zust\u00e4ndige Aufsichtsbeh\u00f6rde: Christian-Albrechts-Universit\u00e4t zu Kiel &nbsp; &nbsp; Technische Betreuung der Website: Mats [&hellip;]<\/p>\n","protected":false},"author":8,"featured_media":0,"parent":0,"menu_order":0,"comment_status":"closed","ping_status":"closed","template":"","meta":{"footnotes":""},"class_list":["post-31","page","type-page","status-publish","czr-hentry"],"jetpack_sharing_enabled":true,"_links":{"self":[{"href":"https:\/\/studiwahlen.uni-kiel.de\/en\/wp-json\/wp\/v2\/pages\/31","targetHints":{"allow":["GET"]}}],"collection":[{"href":"https:\/\/studiwahlen.uni-kiel.de\/en\/wp-json\/wp\/v2\/pages"}],"about":[{"href":"https:\/\/studiwahlen.uni-kiel.de\/en\/wp-json\/wp\/v2\/types\/page"}],"author":[{"embeddable":true,"href":"https:\/\/studiwahlen.uni-kiel.de\/en\/wp-json\/wp\/v2\/users\/8"}],"replies":[{"embeddable":true,"href":"https:\/\/studiwahlen.uni-kiel.de\/en\/wp-json\/wp\/v2\/comments?post=31"}],"version-history":[{"count":9,"href":"https:\/\/studiwahlen.uni-kiel.de\/en\/wp-json\/wp\/v2\/pages\/31\/revisions"}],"predecessor-version":[{"id":1181,"href":"https:\/\/studiwahlen.uni-kiel.de\/en\/wp-json\/wp\/v2\/pages\/31\/revisions\/1181"}],"wp:attachment":[{"href":"https:\/\/studiwahlen.uni-kiel.de\/en\/wp-json\/wp\/v2\/media?parent=31"}],"curies":[{"name":"wp","href":"https:\/\/api.w.org\/{rel}","templated":true}]}}