{"id":926,"date":"2023-05-31T17:26:37","date_gmt":"2023-05-31T15:26:37","guid":{"rendered":"https:\/\/studiwahlen.uni-kiel.de\/?page_id=926"},"modified":"2024-06-12T07:09:18","modified_gmt":"2024-06-12T05:09:18","slug":"campusgruene-hochschulgruppe","status":"publish","type":"page","link":"https:\/\/studiwahlen.uni-kiel.de\/en\/archiv\/wahl-2024\/antretende-hsgs-fuer-das-stupa-2024\/campusgruene-hochschulgruppe\/","title":{"rendered":"CampusGr\u00fcne Hochschulgruppe"},"content":{"rendered":"<p><img loading=\"lazy\" decoding=\"async\" class=\"alignnone size-medium wp-image-556\" src=\"https:\/\/studiwahlen.uni-kiel.de\/wp-content\/uploads\/2020\/05\/Logo_CampusGruene-mit-Schrift-272x300.jpg\" alt=\"\" width=\"272\" height=\"300\" srcset=\"https:\/\/studiwahlen.uni-kiel.de\/wp-content\/uploads\/2020\/05\/Logo_CampusGruene-mit-Schrift-272x300.jpg 272w, https:\/\/studiwahlen.uni-kiel.de\/wp-content\/uploads\/2020\/05\/Logo_CampusGruene-mit-Schrift-927x1024.jpg 927w, https:\/\/studiwahlen.uni-kiel.de\/wp-content\/uploads\/2020\/05\/Logo_CampusGruene-mit-Schrift-768x848.jpg 768w, https:\/\/studiwahlen.uni-kiel.de\/wp-content\/uploads\/2020\/05\/Logo_CampusGruene-mit-Schrift.jpg 960w\" sizes=\"auto, (max-width: 272px) 100vw, 272px\" \/><\/p>\n<p>&nbsp;<\/p>\n<p><span class=\"v1elementor-drop-cap\"><span class=\"v1elementor-drop-cap-letter\">M<\/span><\/span>oin zusammen!<br \/>\nWir CampusGr\u00fcne stehen f\u00fcr <b>Klimaschutz,<\/b> <b>Diversit\u00e4t <\/b>und Gleichberechtigungund <b>bessere Studienbedingungen<\/b>.<br \/>\nWir wollen einen<strong> lebenswerten Campus<\/strong> f\u00fcr alle gestalten!<\/p>\n<p>Bei den Gremienwahlen an der CAU treten wir f\u00fcr das Studierendenparlament und den Senat an.<\/p>\n<p><a href=\"https:\/\/campusgruene-kiel.de\/wahlprogramm\/\">Unser ausf\u00fchrliches Wahlprogramm findest du hier.<\/a><\/p>\n<p>&nbsp;<\/p>\n<p><a href=\"https:\/\/www.instagram.com\/campusgruenekiel\/\">Schau auch gerne bei unserem Instagram Account vorbei!<\/a><\/p>","protected":false},"excerpt":{"rendered":"<p>&nbsp; Moin zusammen! Wir CampusGr\u00fcne stehen f\u00fcr Klimaschutz, Diversit\u00e4t und Gleichberechtigungund bessere Studienbedingungen. Wir wollen einen lebenswerten Campus f\u00fcr alle gestalten! Bei den Gremienwahlen an der CAU treten wir f\u00fcr das Studierendenparlament und den Senat an. Unser ausf\u00fchrliches Wahlprogramm findest du hier. &nbsp; Schau auch gerne bei unserem Instagram Account vorbei!<\/p>","protected":false},"author":8,"featured_media":0,"parent":694,"menu_order":0,"comment_status":"closed","ping_status":"closed","template":"","meta":{"footnotes":""},"class_list":["post-926","page","type-page","status-publish","czr-hentry"],"jetpack_sharing_enabled":true,"_links":{"self":[{"href":"https:\/\/studiwahlen.uni-kiel.de\/en\/wp-json\/wp\/v2\/pages\/926","targetHints":{"allow":["GET"]}}],"collection":[{"href":"https:\/\/studiwahlen.uni-kiel.de\/en\/wp-json\/wp\/v2\/pages"}],"about":[{"href":"https:\/\/studiwahlen.uni-kiel.de\/en\/wp-json\/wp\/v2\/types\/page"}],"author":[{"embeddable":true,"href":"https:\/\/studiwahlen.uni-kiel.de\/en\/wp-json\/wp\/v2\/users\/8"}],"replies":[{"embeddable":true,"href":"https:\/\/studiwahlen.uni-kiel.de\/en\/wp-json\/wp\/v2\/comments?post=926"}],"version-history":[{"count":5,"href":"https:\/\/studiwahlen.uni-kiel.de\/en\/wp-json\/wp\/v2\/pages\/926\/revisions"}],"predecessor-version":[{"id":1071,"href":"https:\/\/studiwahlen.uni-kiel.de\/en\/wp-json\/wp\/v2\/pages\/926\/revisions\/1071"}],"up":[{"embeddable":true,"href":"https:\/\/studiwahlen.uni-kiel.de\/en\/wp-json\/wp\/v2\/pages\/694"}],"wp:attachment":[{"href":"https:\/\/studiwahlen.uni-kiel.de\/en\/wp-json\/wp\/v2\/media?parent=926"}],"curies":[{"name":"wp","href":"https:\/\/api.w.org\/{rel}","templated":true}]}}