{"id":948,"date":"2023-05-31T17:45:25","date_gmt":"2023-05-31T15:45:25","guid":{"rendered":"https:\/\/studiwahlen.uni-kiel.de\/?page_id=948"},"modified":"2024-06-06T13:53:41","modified_gmt":"2024-06-06T11:53:41","slug":"hochschulgruppe-suedschleswig","status":"publish","type":"page","link":"https:\/\/studiwahlen.uni-kiel.de\/en\/archiv\/wahl-2024\/antretende-hsgs-fuer-das-stupa-2024\/hochschulgruppe-suedschleswig\/","title":{"rendered":"Hochschulgruppe S\u00fcdschleswig"},"content":{"rendered":"<p><strong>Mach Kiel zu deinem Kopenhagen!<\/strong><br \/>\n<strong>Universit\u00e4re Lehre nach skandinavischem Vorbild.<\/strong><\/p>\n<p>Die Universit\u00e4t sollte mehr als nur Lehre sein \u2013 sie muss ein Ort des gemeinsamen Lernens werden! Dazu m\u00fcssen auch endlich die Bed\u00fcrfnisse von Studierenden aktiv ber\u00fccksichtigt werden \u2013 seien es die vielen arbeitenden Studierenden, Studierende mit Familie oder all wir Studierende, die Leben und Studieren in Einklang bringen m\u00f6chten!<\/p>\n<p>Kernaspekte sind hierf\u00fcr:<br \/>\n&#8211; Die Beibehaltung hybrider Veranstaltungsformate, um Studierenden Flexibilit\u00e4t zu erm\u00f6glichen. Alle Vorlesungen m\u00fcssen aufgezeichnet werden!<\/p>\n<p>&#8211; Die \u00d6ffnungszeiten der Bibliotheken und Geb\u00e4ude muss an studentische Bed\u00fcrfnisse angepasst werden. Jede*r studiert anders, deshalb m\u00fcssen vor allem die Bibliotheken 24 Stunden an 7 Tagen zug\u00e4nglich sein.<\/p>\n<p>&#8211; Die konsequente Abschaffung der Anwesenheitspflicht in allen Fachbereichen und Modulformen, damit das Studium auch wirklich familien-, berufs- und ehrenamtsfreundlich ist<\/p>\n<p>&#8211; Mehr Aufenthaltsfl\u00e4chen und R\u00e4ume, an denen auch nach den Lehrveranstaltungen gemeinsam Zeit verbracht und gelernt werden kann<\/p>\n<p><a href=\"https:\/\/studiwahlen.uni-kiel.de\/wp-content\/uploads\/2024\/06\/Kernwahlprogramm-Wahlen-2024.docx\">Unser ausf\u00fchrliches Wahlprogramm findet ihr hier.<\/a><\/p>\n<p>Schaut auch gerne auf Instagram vorbei!<\/p>\n<p>&nbsp;<\/p>\n<p>&nbsp;<\/p>\n<p><img loading=\"lazy\" decoding=\"async\" class=\"alignnone size-medium wp-image-812\" src=\"https:\/\/studiwahlen.uni-kiel.de\/wp-content\/uploads\/2022\/05\/Hochschulgruppelogo-1-300x286.png\" alt=\"\" width=\"300\" height=\"286\" srcset=\"https:\/\/studiwahlen.uni-kiel.de\/wp-content\/uploads\/2022\/05\/Hochschulgruppelogo-1-300x286.png 300w, https:\/\/studiwahlen.uni-kiel.de\/wp-content\/uploads\/2022\/05\/Hochschulgruppelogo-1-13x12.png 13w, https:\/\/studiwahlen.uni-kiel.de\/wp-content\/uploads\/2022\/05\/Hochschulgruppelogo-1.png 524w\" sizes=\"auto, (max-width: 300px) 100vw, 300px\" \/><img loading=\"lazy\" decoding=\"async\" class=\"alignnone size-medium wp-image-814\" src=\"https:\/\/studiwahlen.uni-kiel.de\/wp-content\/uploads\/2022\/05\/Screenshot_20220412-095756-300x295.jpg\" alt=\"\" width=\"300\" height=\"295\" srcset=\"https:\/\/studiwahlen.uni-kiel.de\/wp-content\/uploads\/2022\/05\/Screenshot_20220412-095756-300x295.jpg 300w, https:\/\/studiwahlen.uni-kiel.de\/wp-content\/uploads\/2022\/05\/Screenshot_20220412-095756-12x12.jpg 12w, https:\/\/studiwahlen.uni-kiel.de\/wp-content\/uploads\/2022\/05\/Screenshot_20220412-095756.jpg 516w\" sizes=\"auto, (max-width: 300px) 100vw, 300px\" \/><\/p>","protected":false},"excerpt":{"rendered":"<p>Mach Kiel zu deinem Kopenhagen! Universit\u00e4re Lehre nach skandinavischem Vorbild. Die Universit\u00e4t sollte mehr als nur Lehre sein \u2013 sie muss ein Ort des gemeinsamen Lernens werden! Dazu m\u00fcssen auch endlich die Bed\u00fcrfnisse von Studierenden aktiv ber\u00fccksichtigt werden \u2013 seien es die vielen arbeitenden Studierenden, Studierende mit Familie oder all wir Studierende, die Leben und [&hellip;]<\/p>\n","protected":false},"author":8,"featured_media":0,"parent":694,"menu_order":0,"comment_status":"closed","ping_status":"closed","template":"","meta":{"footnotes":""},"class_list":["post-948","page","type-page","status-publish","czr-hentry"],"jetpack_sharing_enabled":true,"_links":{"self":[{"href":"https:\/\/studiwahlen.uni-kiel.de\/en\/wp-json\/wp\/v2\/pages\/948","targetHints":{"allow":["GET"]}}],"collection":[{"href":"https:\/\/studiwahlen.uni-kiel.de\/en\/wp-json\/wp\/v2\/pages"}],"about":[{"href":"https:\/\/studiwahlen.uni-kiel.de\/en\/wp-json\/wp\/v2\/types\/page"}],"author":[{"embeddable":true,"href":"https:\/\/studiwahlen.uni-kiel.de\/en\/wp-json\/wp\/v2\/users\/8"}],"replies":[{"embeddable":true,"href":"https:\/\/studiwahlen.uni-kiel.de\/en\/wp-json\/wp\/v2\/comments?post=948"}],"version-history":[{"count":5,"href":"https:\/\/studiwahlen.uni-kiel.de\/en\/wp-json\/wp\/v2\/pages\/948\/revisions"}],"predecessor-version":[{"id":1054,"href":"https:\/\/studiwahlen.uni-kiel.de\/en\/wp-json\/wp\/v2\/pages\/948\/revisions\/1054"}],"up":[{"embeddable":true,"href":"https:\/\/studiwahlen.uni-kiel.de\/en\/wp-json\/wp\/v2\/pages\/694"}],"wp:attachment":[{"href":"https:\/\/studiwahlen.uni-kiel.de\/en\/wp-json\/wp\/v2\/media?parent=948"}],"curies":[{"name":"wp","href":"https:\/\/api.w.org\/{rel}","templated":true}]}}